{"id":24686,"date":"2023-03-15T03:13:47","date_gmt":"2023-03-15T02:13:47","guid":{"rendered":"https:\/\/rostoy.webgarciacarrion.com\/?post_type=product&#038;p=24686"},"modified":"2023-05-23T19:10:46","modified_gmt":"2023-05-23T17:10:46","slug":"disfruta-pfirsichnektar-ohne-zuckerzusatz-12-ziegel-x-1-liter","status":"publish","type":"product","link":"https:\/\/www.rostoyzumos.com\/de\/producto\/disfruta-pfirsichnektar-ohne-zuckerzusatz-12-ziegel-x-1-liter\/","title":{"rendered":"Disfruta Pfirsichnektar, ohne Zuckerzusatz &#8211; 12 Ziegel x 1 Liter"},"content":{"rendered":"<p>Pfirsichnektar Disfruta Rostoy.  Hergestellt auf traditionelle Weise in Spanien, ohne Zuckerzusatz und mit den besten Fr\u00fcchten. Beh\u00e4lt seinen nat\u00fcrlichen Geschmack und sein erkennbares Fruchtaroma.<\/p>\n<ul>\n<li>12 Einheiten<\/li>\n<li>72 Kisten<\/li>\n<li>26 Paletten<\/li>\n<\/ul>\n<p>Referenz: 4661<\/p>\n<p><a href=\"https:\/\/www.rostoyzumos.com\/wp-content\/uploads\/2023\/01\/4661.pdf\"><img loading=\"lazy\" decoding=\"async\" class=\"alignnone wp-image-23718\" src=\"\/wp-content\/uploads\/2022\/11\/MicrosoftTeams-image-300x300.png\" alt=\"\" width=\"210\" height=\"210\" srcset=\"https:\/\/www.rostoyzumos.com\/wp-content\/uploads\/2022\/11\/MicrosoftTeams-image-300x300.png 300w, https:\/\/www.rostoyzumos.com\/wp-content\/uploads\/2022\/11\/MicrosoftTeams-image-80x80.png 80w, https:\/\/www.rostoyzumos.com\/wp-content\/uploads\/2022\/11\/MicrosoftTeams-image-768x768.png 768w, https:\/\/www.rostoyzumos.com\/wp-content\/uploads\/2022\/11\/MicrosoftTeams-image-36x36.png 36w, https:\/\/www.rostoyzumos.com\/wp-content\/uploads\/2022\/11\/MicrosoftTeams-image-180x180.png 180w, https:\/\/www.rostoyzumos.com\/wp-content\/uploads\/2022\/11\/MicrosoftTeams-image-705x705.png 705w, https:\/\/www.rostoyzumos.com\/wp-content\/uploads\/2022\/11\/MicrosoftTeams-image-100x100.png 100w, https:\/\/www.rostoyzumos.com\/wp-content\/uploads\/2022\/11\/MicrosoftTeams-image-600x600.png 600w, https:\/\/www.rostoyzumos.com\/wp-content\/uploads\/2022\/11\/MicrosoftTeams-image-32x32.png 32w, https:\/\/www.rostoyzumos.com\/wp-content\/uploads\/2022\/11\/MicrosoftTeams-image.png 800w\" sizes=\"auto, (max-width: 210px) 100vw, 210px\" \/><\/a><\/p>\n","protected":false},"excerpt":{"rendered":"<p>Pfirsichnektar Disfruta Rostoy. Hergestellt auf traditionelle Weise in Spanien, ohne Zuckerzusatz und mit den besten Fr\u00fcchten. Beh\u00e4lt seinen nat\u00fcrlichen Geschmack und sein erkennbares Fruchtaroma. 12 Einheiten 72 Kisten 26 Paletten Referenz: 4661<\/p>\n","protected":false},"featured_media":24687,"template":"","meta":[],"product_brand":[],"product_cat":[1665,1698,1656,1653],"product_tag":[],"class_list":{"0":"post-24686","1":"product","2":"type-product","3":"status-publish","4":"has-post-thumbnail","6":"product_cat-brick","7":"product_cat-horeca-de","8":"product_cat-nectar-disfruta","9":"product_cat-zumos-y-nectares","11":"first","12":"instock","13":"taxable","14":"shipping-taxable","15":"product-type-simple"},"yoast_head":"<!-- This site is optimized with the Yoast SEO plugin v27.2 - https:\/\/yoast.com\/product\/yoast-seo-wordpress\/ -->\n<title>Disfruta Pfirsichnektar, ohne Zuckerzusatz - 12 Ziegel x 1 Liter - Rostoy<\/title>\n<meta name=\"robots\" content=\"index, follow, max-snippet:-1, max-image-preview:large, max-video-preview:-1\" \/>\n<link rel=\"canonical\" href=\"https:\/\/www.rostoyzumos.com\/de\/producto\/disfruta-pfirsichnektar-ohne-zuckerzusatz-12-ziegel-x-1-liter\/\" \/>\n<meta property=\"og:locale\" content=\"de_DE\" \/>\n<meta property=\"og:type\" content=\"article\" \/>\n<meta property=\"og:title\" content=\"Disfruta Pfirsichnektar, ohne Zuckerzusatz - 12 Ziegel x 1 Liter - Rostoy\" \/>\n<meta property=\"og:description\" content=\"Pfirsichnektar Disfruta Rostoy. Hergestellt auf traditionelle Weise in Spanien, ohne Zuckerzusatz und mit den besten Fr\u00fcchten. Beh\u00e4lt seinen nat\u00fcrlichen Geschmack und sein erkennbares Fruchtaroma. 12 Einheiten 72 Kisten 26 Paletten Referenz: 4661\" \/>\n<meta property=\"og:url\" content=\"https:\/\/www.rostoyzumos.com\/de\/producto\/disfruta-pfirsichnektar-ohne-zuckerzusatz-12-ziegel-x-1-liter\/\" \/>\n<meta property=\"og:site_name\" content=\"Rostoy\" \/>\n<meta property=\"article:modified_time\" content=\"2023-05-23T17:10:46+00:00\" \/>\n<meta property=\"og:image\" content=\"https:\/\/www.rostoyzumos.com\/wp-content\/uploads\/2022\/11\/DISFRUTA_1L_MELOCOTON_950x950.jpg\" \/>\n\t<meta property=\"og:image:width\" content=\"950\" \/>\n\t<meta property=\"og:image:height\" content=\"950\" \/>\n\t<meta property=\"og:image:type\" content=\"image\/jpeg\" \/>\n<meta name=\"twitter:card\" content=\"summary_large_image\" \/>\n<meta name=\"twitter:label1\" content=\"Est. reading time\" \/>\n\t<meta name=\"twitter:data1\" content=\"1 minute\" \/>\n<script type=\"application\/ld+json\" class=\"yoast-schema-graph\">{\"@context\":\"https:\/\/schema.org\",\"@graph\":[{\"@type\":\"WebPage\",\"@id\":\"https:\/\/www.rostoyzumos.com\/de\/producto\/disfruta-pfirsichnektar-ohne-zuckerzusatz-12-ziegel-x-1-liter\/\",\"url\":\"https:\/\/www.rostoyzumos.com\/de\/producto\/disfruta-pfirsichnektar-ohne-zuckerzusatz-12-ziegel-x-1-liter\/\",\"name\":\"Disfruta Pfirsichnektar, ohne Zuckerzusatz - 12 Ziegel x 1 Liter - Rostoy\",\"isPartOf\":{\"@id\":\"https:\/\/www.rostoyzumos.com\/de\/#website\"},\"primaryImageOfPage\":{\"@id\":\"https:\/\/www.rostoyzumos.com\/de\/producto\/disfruta-pfirsichnektar-ohne-zuckerzusatz-12-ziegel-x-1-liter\/#primaryimage\"},\"image\":{\"@id\":\"https:\/\/www.rostoyzumos.com\/de\/producto\/disfruta-pfirsichnektar-ohne-zuckerzusatz-12-ziegel-x-1-liter\/#primaryimage\"},\"thumbnailUrl\":\"https:\/\/www.rostoyzumos.com\/wp-content\/uploads\/2022\/11\/DISFRUTA_1L_MELOCOTON_950x950.jpg\",\"datePublished\":\"2023-03-15T02:13:47+00:00\",\"dateModified\":\"2023-05-23T17:10:46+00:00\",\"breadcrumb\":{\"@id\":\"https:\/\/www.rostoyzumos.com\/de\/producto\/disfruta-pfirsichnektar-ohne-zuckerzusatz-12-ziegel-x-1-liter\/#breadcrumb\"},\"inLanguage\":\"de-DE\",\"potentialAction\":[{\"@type\":\"ReadAction\",\"target\":[\"https:\/\/www.rostoyzumos.com\/de\/producto\/disfruta-pfirsichnektar-ohne-zuckerzusatz-12-ziegel-x-1-liter\/\"]}]},{\"@type\":\"ImageObject\",\"inLanguage\":\"de-DE\",\"@id\":\"https:\/\/www.rostoyzumos.com\/de\/producto\/disfruta-pfirsichnektar-ohne-zuckerzusatz-12-ziegel-x-1-liter\/#primaryimage\",\"url\":\"https:\/\/www.rostoyzumos.com\/wp-content\/uploads\/2022\/11\/DISFRUTA_1L_MELOCOTON_950x950.jpg\",\"contentUrl\":\"https:\/\/www.rostoyzumos.com\/wp-content\/uploads\/2022\/11\/DISFRUTA_1L_MELOCOTON_950x950.jpg\",\"width\":950,\"height\":950},{\"@type\":\"BreadcrumbList\",\"@id\":\"https:\/\/www.rostoyzumos.com\/de\/producto\/disfruta-pfirsichnektar-ohne-zuckerzusatz-12-ziegel-x-1-liter\/#breadcrumb\",\"itemListElement\":[{\"@type\":\"ListItem\",\"position\":1,\"name\":\"Portada\",\"item\":\"https:\/\/www.rostoyzumos.com\/de\/\"},{\"@type\":\"ListItem\",\"position\":2,\"name\":\"Products\",\"item\":\"https:\/\/www.rostoyzumos.com\/de\/shop\/\"},{\"@type\":\"ListItem\",\"position\":3,\"name\":\"Disfruta Pfirsichnektar, ohne Zuckerzusatz &#8211; 12 Ziegel x 1 Liter\"}]},{\"@type\":\"WebSite\",\"@id\":\"https:\/\/www.rostoyzumos.com\/de\/#website\",\"url\":\"https:\/\/www.rostoyzumos.com\/de\/\",\"name\":\"Rostoy\",\"description\":\"Zumos y N\u00e9ctares Naturales y Tradicionales Espa\u00f1oles\",\"potentialAction\":[{\"@type\":\"SearchAction\",\"target\":{\"@type\":\"EntryPoint\",\"urlTemplate\":\"https:\/\/www.rostoyzumos.com\/de\/?s={search_term_string}\"},\"query-input\":{\"@type\":\"PropertyValueSpecification\",\"valueRequired\":true,\"valueName\":\"search_term_string\"}}],\"inLanguage\":\"de-DE\"}]}<\/script>\n<!-- \/ Yoast SEO plugin. -->","yoast_head_json":{"title":"Disfruta Pfirsichnektar, ohne Zuckerzusatz - 12 Ziegel x 1 Liter - Rostoy","robots":{"index":"index","follow":"follow","max-snippet":"max-snippet:-1","max-image-preview":"max-image-preview:large","max-video-preview":"max-video-preview:-1"},"canonical":"https:\/\/www.rostoyzumos.com\/de\/producto\/disfruta-pfirsichnektar-ohne-zuckerzusatz-12-ziegel-x-1-liter\/","og_locale":"de_DE","og_type":"article","og_title":"Disfruta Pfirsichnektar, ohne Zuckerzusatz - 12 Ziegel x 1 Liter - Rostoy","og_description":"Pfirsichnektar Disfruta Rostoy. Hergestellt auf traditionelle Weise in Spanien, ohne Zuckerzusatz und mit den besten Fr\u00fcchten. Beh\u00e4lt seinen nat\u00fcrlichen Geschmack und sein erkennbares Fruchtaroma. 12 Einheiten 72 Kisten 26 Paletten Referenz: 4661","og_url":"https:\/\/www.rostoyzumos.com\/de\/producto\/disfruta-pfirsichnektar-ohne-zuckerzusatz-12-ziegel-x-1-liter\/","og_site_name":"Rostoy","article_modified_time":"2023-05-23T17:10:46+00:00","og_image":[{"width":950,"height":950,"url":"https:\/\/www.rostoyzumos.com\/wp-content\/uploads\/2022\/11\/DISFRUTA_1L_MELOCOTON_950x950.jpg","type":"image\/jpeg"}],"twitter_card":"summary_large_image","twitter_misc":{"Est. reading time":"1 minute"},"schema":{"@context":"https:\/\/schema.org","@graph":[{"@type":"WebPage","@id":"https:\/\/www.rostoyzumos.com\/de\/producto\/disfruta-pfirsichnektar-ohne-zuckerzusatz-12-ziegel-x-1-liter\/","url":"https:\/\/www.rostoyzumos.com\/de\/producto\/disfruta-pfirsichnektar-ohne-zuckerzusatz-12-ziegel-x-1-liter\/","name":"Disfruta Pfirsichnektar, ohne Zuckerzusatz - 12 Ziegel x 1 Liter - Rostoy","isPartOf":{"@id":"https:\/\/www.rostoyzumos.com\/de\/#website"},"primaryImageOfPage":{"@id":"https:\/\/www.rostoyzumos.com\/de\/producto\/disfruta-pfirsichnektar-ohne-zuckerzusatz-12-ziegel-x-1-liter\/#primaryimage"},"image":{"@id":"https:\/\/www.rostoyzumos.com\/de\/producto\/disfruta-pfirsichnektar-ohne-zuckerzusatz-12-ziegel-x-1-liter\/#primaryimage"},"thumbnailUrl":"https:\/\/www.rostoyzumos.com\/wp-content\/uploads\/2022\/11\/DISFRUTA_1L_MELOCOTON_950x950.jpg","datePublished":"2023-03-15T02:13:47+00:00","dateModified":"2023-05-23T17:10:46+00:00","breadcrumb":{"@id":"https:\/\/www.rostoyzumos.com\/de\/producto\/disfruta-pfirsichnektar-ohne-zuckerzusatz-12-ziegel-x-1-liter\/#breadcrumb"},"inLanguage":"de-DE","potentialAction":[{"@type":"ReadAction","target":["https:\/\/www.rostoyzumos.com\/de\/producto\/disfruta-pfirsichnektar-ohne-zuckerzusatz-12-ziegel-x-1-liter\/"]}]},{"@type":"ImageObject","inLanguage":"de-DE","@id":"https:\/\/www.rostoyzumos.com\/de\/producto\/disfruta-pfirsichnektar-ohne-zuckerzusatz-12-ziegel-x-1-liter\/#primaryimage","url":"https:\/\/www.rostoyzumos.com\/wp-content\/uploads\/2022\/11\/DISFRUTA_1L_MELOCOTON_950x950.jpg","contentUrl":"https:\/\/www.rostoyzumos.com\/wp-content\/uploads\/2022\/11\/DISFRUTA_1L_MELOCOTON_950x950.jpg","width":950,"height":950},{"@type":"BreadcrumbList","@id":"https:\/\/www.rostoyzumos.com\/de\/producto\/disfruta-pfirsichnektar-ohne-zuckerzusatz-12-ziegel-x-1-liter\/#breadcrumb","itemListElement":[{"@type":"ListItem","position":1,"name":"Portada","item":"https:\/\/www.rostoyzumos.com\/de\/"},{"@type":"ListItem","position":2,"name":"Products","item":"https:\/\/www.rostoyzumos.com\/de\/shop\/"},{"@type":"ListItem","position":3,"name":"Disfruta Pfirsichnektar, ohne Zuckerzusatz &#8211; 12 Ziegel x 1 Liter"}]},{"@type":"WebSite","@id":"https:\/\/www.rostoyzumos.com\/de\/#website","url":"https:\/\/www.rostoyzumos.com\/de\/","name":"Rostoy","description":"Zumos y N\u00e9ctares Naturales y Tradicionales Espa\u00f1oles","potentialAction":[{"@type":"SearchAction","target":{"@type":"EntryPoint","urlTemplate":"https:\/\/www.rostoyzumos.com\/de\/?s={search_term_string}"},"query-input":{"@type":"PropertyValueSpecification","valueRequired":true,"valueName":"search_term_string"}}],"inLanguage":"de-DE"}]}},"_links":{"self":[{"href":"https:\/\/www.rostoyzumos.com\/de\/wp-json\/wp\/v2\/product\/24686","targetHints":{"allow":["GET"]}}],"collection":[{"href":"https:\/\/www.rostoyzumos.com\/de\/wp-json\/wp\/v2\/product"}],"about":[{"href":"https:\/\/www.rostoyzumos.com\/de\/wp-json\/wp\/v2\/types\/product"}],"wp:featuredmedia":[{"embeddable":true,"href":"https:\/\/www.rostoyzumos.com\/de\/wp-json\/wp\/v2\/media\/24687"}],"wp:attachment":[{"href":"https:\/\/www.rostoyzumos.com\/de\/wp-json\/wp\/v2\/media?parent=24686"}],"wp:term":[{"taxonomy":"product_brand","embeddable":true,"href":"https:\/\/www.rostoyzumos.com\/de\/wp-json\/wp\/v2\/product_brand?post=24686"},{"taxonomy":"product_cat","embeddable":true,"href":"https:\/\/www.rostoyzumos.com\/de\/wp-json\/wp\/v2\/product_cat?post=24686"},{"taxonomy":"product_tag","embeddable":true,"href":"https:\/\/www.rostoyzumos.com\/de\/wp-json\/wp\/v2\/product_tag?post=24686"}],"curies":[{"name":"wp","href":"https:\/\/api.w.org\/{rel}","templated":true}]}}