{"id":22784,"date":"2022-11-22T12:53:38","date_gmt":"2022-11-22T11:53:38","guid":{"rendered":"https:\/\/rostoy.webgarciacarrion.com\/?post_type=product&#038;p=22784"},"modified":"2025-09-16T08:32:26","modified_gmt":"2025-09-16T06:32:26","slug":"nectar-de-pina-12-tetra-slim-x-1-litro","status":"publish","type":"product","link":"https:\/\/www.rostoyzumos.com\/producto\/nectar-de-pina-12-tetra-slim-x-1-litro\/","title":{"rendered":"N\u00e9ctar de Pi\u00f1a &#8211; 12 Tetra Slim x 1 Litro"},"content":{"rendered":"<p>N\u00e9ctar de Pi\u00f1a Rostoy. Elaborado de forma tradicional en Espa\u00f1a y con las mejores frutas. Manteniendo todo su sabor Natural y su reconocible aroma a fruta.<\/p>\n<ul>\n<li>12 unidades<\/li>\n<li>72 cajas<\/li>\n<li>26 pallets<\/li>\n<\/ul>\n<p>Referencia: 11929<\/p>\n<p><a href=\"https:\/\/www.rostoyzumos.com\/wp-content\/uploads\/2023\/01\/11929.pdf\"><img loading=\"lazy\" decoding=\"async\" class=\"alignnone wp-image-23718\" src=\"\/wp-content\/uploads\/2022\/11\/MicrosoftTeams-image-300x300.png\" alt=\"\" width=\"210\" height=\"210\" srcset=\"https:\/\/www.rostoyzumos.com\/wp-content\/uploads\/2022\/11\/MicrosoftTeams-image-300x300.png 300w, https:\/\/www.rostoyzumos.com\/wp-content\/uploads\/2022\/11\/MicrosoftTeams-image-80x80.png 80w, https:\/\/www.rostoyzumos.com\/wp-content\/uploads\/2022\/11\/MicrosoftTeams-image-768x768.png 768w, https:\/\/www.rostoyzumos.com\/wp-content\/uploads\/2022\/11\/MicrosoftTeams-image-36x36.png 36w, https:\/\/www.rostoyzumos.com\/wp-content\/uploads\/2022\/11\/MicrosoftTeams-image-180x180.png 180w, https:\/\/www.rostoyzumos.com\/wp-content\/uploads\/2022\/11\/MicrosoftTeams-image-705x705.png 705w, https:\/\/www.rostoyzumos.com\/wp-content\/uploads\/2022\/11\/MicrosoftTeams-image-100x100.png 100w, https:\/\/www.rostoyzumos.com\/wp-content\/uploads\/2022\/11\/MicrosoftTeams-image-600x600.png 600w, https:\/\/www.rostoyzumos.com\/wp-content\/uploads\/2022\/11\/MicrosoftTeams-image-32x32.png 32w, https:\/\/www.rostoyzumos.com\/wp-content\/uploads\/2022\/11\/MicrosoftTeams-image.png 800w\" sizes=\"auto, (max-width: 210px) 100vw, 210px\" \/><\/a><\/p>\n","protected":false},"excerpt":{"rendered":"<p>N\u00e9ctar de Pi\u00f1a Rostoy. Elaborado de forma tradicional en Espa\u00f1a y con las mejores frutas. Manteniendo todo su sabor Natural y su reconocible aroma a fruta. 12 unidades 72 cajas 26 pallets Referencia: 11929<\/p>\n","protected":false},"featured_media":22686,"template":"","meta":[],"product_brand":[],"product_cat":[1665,1669,1658,1653],"product_tag":[],"class_list":{"0":"post-22784","1":"product","2":"type-product","3":"status-publish","4":"has-post-thumbnail","6":"product_cat-brick","7":"product_cat-nectar-brick","8":"product_cat-nectar","9":"product_cat-zumos-y-nectares","11":"first","12":"instock","13":"taxable","14":"shipping-taxable","15":"product-type-simple"},"yoast_head":"<!-- This site is optimized with the Yoast SEO plugin v27.2 - https:\/\/yoast.com\/product\/yoast-seo-wordpress\/ -->\n<title>N\u00e9ctar de Pi\u00f1a - 12 Tetra Slim x 1 Litro - Rostoy<\/title>\n<meta name=\"robots\" content=\"index, follow, max-snippet:-1, max-image-preview:large, max-video-preview:-1\" \/>\n<link rel=\"canonical\" href=\"https:\/\/www.rostoyzumos.com\/en\/producto\/nectar-de-pina-12-tetra-slim-x-1-litro\/\" \/>\n<meta property=\"og:locale\" content=\"en_US\" \/>\n<meta property=\"og:type\" content=\"article\" \/>\n<meta property=\"og:title\" content=\"N\u00e9ctar de Pi\u00f1a - 12 Tetra Slim x 1 Litro - Rostoy\" \/>\n<meta property=\"og:description\" content=\"N\u00e9ctar de Pi\u00f1a Rostoy. Elaborado de forma tradicional en Espa\u00f1a y con las mejores frutas. Manteniendo todo su sabor Natural y su reconocible aroma a fruta. 12 unidades 72 cajas 26 pallets Referencia: 11929\" \/>\n<meta property=\"og:url\" content=\"https:\/\/www.rostoyzumos.com\/producto\/nectar-de-pina-12-tetra-slim-x-1-litro\/\" \/>\n<meta property=\"og:site_name\" content=\"Rostoy\" \/>\n<meta property=\"article:modified_time\" content=\"2025-09-16T06:32:26+00:00\" \/>\n<meta property=\"og:image\" content=\"https:\/\/www.rostoyzumos.com\/wp-content\/uploads\/2022\/11\/BRIK_1L_PIN\u0303A_950x950.jpg\" \/>\n\t<meta property=\"og:image:width\" content=\"950\" \/>\n\t<meta property=\"og:image:height\" content=\"950\" \/>\n\t<meta property=\"og:image:type\" content=\"image\/jpeg\" \/>\n<meta name=\"twitter:card\" content=\"summary_large_image\" \/>\n<script type=\"application\/ld+json\" class=\"yoast-schema-graph\">{\"@context\":\"https:\/\/schema.org\",\"@graph\":[{\"@type\":\"WebPage\",\"@id\":\"https:\/\/www.rostoyzumos.com\/producto\/nectar-de-pina-12-tetra-slim-x-1-litro\/\",\"url\":\"https:\/\/www.rostoyzumos.com\/producto\/nectar-de-pina-12-tetra-slim-x-1-litro\/\",\"name\":\"N\u00e9ctar de Pi\u00f1a - 12 Tetra Slim x 1 Litro - Rostoy\",\"isPartOf\":{\"@id\":\"https:\/\/www.rostoyzumos.com\/en\/#website\"},\"primaryImageOfPage\":{\"@id\":\"https:\/\/www.rostoyzumos.com\/producto\/nectar-de-pina-12-tetra-slim-x-1-litro\/#primaryimage\"},\"image\":{\"@id\":\"https:\/\/www.rostoyzumos.com\/producto\/nectar-de-pina-12-tetra-slim-x-1-litro\/#primaryimage\"},\"thumbnailUrl\":\"https:\/\/www.rostoyzumos.com\/wp-content\/uploads\/2022\/11\/BRIK_1L_PIN\u0303A_950x950.jpg\",\"datePublished\":\"2022-11-22T11:53:38+00:00\",\"dateModified\":\"2025-09-16T06:32:26+00:00\",\"breadcrumb\":{\"@id\":\"https:\/\/www.rostoyzumos.com\/producto\/nectar-de-pina-12-tetra-slim-x-1-litro\/#breadcrumb\"},\"inLanguage\":\"en-US\",\"potentialAction\":[{\"@type\":\"ReadAction\",\"target\":[\"https:\/\/www.rostoyzumos.com\/producto\/nectar-de-pina-12-tetra-slim-x-1-litro\/\"]}]},{\"@type\":\"ImageObject\",\"inLanguage\":\"en-US\",\"@id\":\"https:\/\/www.rostoyzumos.com\/producto\/nectar-de-pina-12-tetra-slim-x-1-litro\/#primaryimage\",\"url\":\"https:\/\/www.rostoyzumos.com\/wp-content\/uploads\/2022\/11\/BRIK_1L_PIN\u0303A_950x950.jpg\",\"contentUrl\":\"https:\/\/www.rostoyzumos.com\/wp-content\/uploads\/2022\/11\/BRIK_1L_PIN\u0303A_950x950.jpg\",\"width\":950,\"height\":950},{\"@type\":\"BreadcrumbList\",\"@id\":\"https:\/\/www.rostoyzumos.com\/producto\/nectar-de-pina-12-tetra-slim-x-1-litro\/#breadcrumb\",\"itemListElement\":[{\"@type\":\"ListItem\",\"position\":1,\"name\":\"Portada\",\"item\":\"https:\/\/www.rostoyzumos.com\/en\/\"},{\"@type\":\"ListItem\",\"position\":2,\"name\":\"Products\",\"item\":\"https:\/\/www.rostoyzumos.com\/en\/shop\/\"},{\"@type\":\"ListItem\",\"position\":3,\"name\":\"N\u00e9ctar de Pi\u00f1a &#8211; 12 Tetra Slim x 1 Litro\"}]},{\"@type\":\"WebSite\",\"@id\":\"https:\/\/www.rostoyzumos.com\/en\/#website\",\"url\":\"https:\/\/www.rostoyzumos.com\/en\/\",\"name\":\"Rostoy\",\"description\":\"Zumos y N\u00e9ctares Naturales y Tradicionales Espa\u00f1oles\",\"potentialAction\":[{\"@type\":\"SearchAction\",\"target\":{\"@type\":\"EntryPoint\",\"urlTemplate\":\"https:\/\/www.rostoyzumos.com\/en\/?s={search_term_string}\"},\"query-input\":{\"@type\":\"PropertyValueSpecification\",\"valueRequired\":true,\"valueName\":\"search_term_string\"}}],\"inLanguage\":\"en-US\"}]}<\/script>\n<!-- \/ Yoast SEO plugin. -->","yoast_head_json":{"title":"N\u00e9ctar de Pi\u00f1a - 12 Tetra Slim x 1 Litro - Rostoy","robots":{"index":"index","follow":"follow","max-snippet":"max-snippet:-1","max-image-preview":"max-image-preview:large","max-video-preview":"max-video-preview:-1"},"canonical":"https:\/\/www.rostoyzumos.com\/en\/producto\/nectar-de-pina-12-tetra-slim-x-1-litro\/","og_locale":"en_US","og_type":"article","og_title":"N\u00e9ctar de Pi\u00f1a - 12 Tetra Slim x 1 Litro - Rostoy","og_description":"N\u00e9ctar de Pi\u00f1a Rostoy. Elaborado de forma tradicional en Espa\u00f1a y con las mejores frutas. Manteniendo todo su sabor Natural y su reconocible aroma a fruta. 12 unidades 72 cajas 26 pallets Referencia: 11929","og_url":"https:\/\/www.rostoyzumos.com\/producto\/nectar-de-pina-12-tetra-slim-x-1-litro\/","og_site_name":"Rostoy","article_modified_time":"2025-09-16T06:32:26+00:00","og_image":[{"width":950,"height":950,"url":"https:\/\/www.rostoyzumos.com\/wp-content\/uploads\/2022\/11\/BRIK_1L_PIN\u0303A_950x950.jpg","type":"image\/jpeg"}],"twitter_card":"summary_large_image","schema":{"@context":"https:\/\/schema.org","@graph":[{"@type":"WebPage","@id":"https:\/\/www.rostoyzumos.com\/producto\/nectar-de-pina-12-tetra-slim-x-1-litro\/","url":"https:\/\/www.rostoyzumos.com\/producto\/nectar-de-pina-12-tetra-slim-x-1-litro\/","name":"N\u00e9ctar de Pi\u00f1a - 12 Tetra Slim x 1 Litro - Rostoy","isPartOf":{"@id":"https:\/\/www.rostoyzumos.com\/en\/#website"},"primaryImageOfPage":{"@id":"https:\/\/www.rostoyzumos.com\/producto\/nectar-de-pina-12-tetra-slim-x-1-litro\/#primaryimage"},"image":{"@id":"https:\/\/www.rostoyzumos.com\/producto\/nectar-de-pina-12-tetra-slim-x-1-litro\/#primaryimage"},"thumbnailUrl":"https:\/\/www.rostoyzumos.com\/wp-content\/uploads\/2022\/11\/BRIK_1L_PIN\u0303A_950x950.jpg","datePublished":"2022-11-22T11:53:38+00:00","dateModified":"2025-09-16T06:32:26+00:00","breadcrumb":{"@id":"https:\/\/www.rostoyzumos.com\/producto\/nectar-de-pina-12-tetra-slim-x-1-litro\/#breadcrumb"},"inLanguage":"en-US","potentialAction":[{"@type":"ReadAction","target":["https:\/\/www.rostoyzumos.com\/producto\/nectar-de-pina-12-tetra-slim-x-1-litro\/"]}]},{"@type":"ImageObject","inLanguage":"en-US","@id":"https:\/\/www.rostoyzumos.com\/producto\/nectar-de-pina-12-tetra-slim-x-1-litro\/#primaryimage","url":"https:\/\/www.rostoyzumos.com\/wp-content\/uploads\/2022\/11\/BRIK_1L_PIN\u0303A_950x950.jpg","contentUrl":"https:\/\/www.rostoyzumos.com\/wp-content\/uploads\/2022\/11\/BRIK_1L_PIN\u0303A_950x950.jpg","width":950,"height":950},{"@type":"BreadcrumbList","@id":"https:\/\/www.rostoyzumos.com\/producto\/nectar-de-pina-12-tetra-slim-x-1-litro\/#breadcrumb","itemListElement":[{"@type":"ListItem","position":1,"name":"Portada","item":"https:\/\/www.rostoyzumos.com\/en\/"},{"@type":"ListItem","position":2,"name":"Products","item":"https:\/\/www.rostoyzumos.com\/en\/shop\/"},{"@type":"ListItem","position":3,"name":"N\u00e9ctar de Pi\u00f1a &#8211; 12 Tetra Slim x 1 Litro"}]},{"@type":"WebSite","@id":"https:\/\/www.rostoyzumos.com\/en\/#website","url":"https:\/\/www.rostoyzumos.com\/en\/","name":"Rostoy","description":"Zumos y N\u00e9ctares Naturales y Tradicionales Espa\u00f1oles","potentialAction":[{"@type":"SearchAction","target":{"@type":"EntryPoint","urlTemplate":"https:\/\/www.rostoyzumos.com\/en\/?s={search_term_string}"},"query-input":{"@type":"PropertyValueSpecification","valueRequired":true,"valueName":"search_term_string"}}],"inLanguage":"en-US"}]}},"_links":{"self":[{"href":"https:\/\/www.rostoyzumos.com\/en\/wp-json\/wp\/v2\/product\/22784","targetHints":{"allow":["GET"]}}],"collection":[{"href":"https:\/\/www.rostoyzumos.com\/en\/wp-json\/wp\/v2\/product"}],"about":[{"href":"https:\/\/www.rostoyzumos.com\/en\/wp-json\/wp\/v2\/types\/product"}],"wp:featuredmedia":[{"embeddable":true,"href":"https:\/\/www.rostoyzumos.com\/en\/wp-json\/wp\/v2\/media\/22686"}],"wp:attachment":[{"href":"https:\/\/www.rostoyzumos.com\/en\/wp-json\/wp\/v2\/media?parent=22784"}],"wp:term":[{"taxonomy":"product_brand","embeddable":true,"href":"https:\/\/www.rostoyzumos.com\/en\/wp-json\/wp\/v2\/product_brand?post=22784"},{"taxonomy":"product_cat","embeddable":true,"href":"https:\/\/www.rostoyzumos.com\/en\/wp-json\/wp\/v2\/product_cat?post=22784"},{"taxonomy":"product_tag","embeddable":true,"href":"https:\/\/www.rostoyzumos.com\/en\/wp-json\/wp\/v2\/product_tag?post=22784"}],"curies":[{"name":"wp","href":"https:\/\/api.w.org\/{rel}","templated":true}]}}