{"id":22810,"date":"2022-11-24T16:01:00","date_gmt":"2022-11-24T15:01:00","guid":{"rendered":"https:\/\/rostoy.webgarciacarrion.com\/?post_type=product&#038;p=22810"},"modified":"2023-06-23T12:01:14","modified_gmt":"2023-06-23T10:01:14","slug":"nectar-de-mango-24-latas-x-330-ml","status":"publish","type":"product","link":"https:\/\/www.rostoyzumos.com\/producto\/nectar-de-mango-24-latas-x-330-ml\/","title":{"rendered":"N\u00e9ctar de Mango &#8211; 24 Latas x 330 ML"},"content":{"rendered":"<section  class='av_textblock_section av-1jztxlm-aef25881e498c684655fd306ccff12ad '   itemscope=\"itemscope\" itemtype=\"https:\/\/schema.org\/CreativeWork\" ><div class='avia_textblock'  itemprop=\"text\" ><p>N\u00e9ctar de Mango Rostoy. Elaborado de forma tradicional en Espa\u00f1a, sin az\u00facares a\u00f1adidos y con las mejores frutas. Manteniendo todo su sabor Natural y su reconocible aroma a fruta.<\/p>\n<ul>\n<li>4 unidades<\/li>\n<li>110 cajas<\/li>\n<li>26 pallets<\/li>\n<\/ul>\n<p>Referencia: 18758<\/p>\n<p><a href=\"https:\/\/www.rostoyzumos.com\/wp-content\/uploads\/2023\/01\/18758.pdf\"><img loading=\"lazy\" decoding=\"async\" class=\"alignnone wp-image-23718\" src=\"\/wp-content\/uploads\/2022\/11\/MicrosoftTeams-image-300x300.png\" alt=\"\" width=\"210\" height=\"210\" srcset=\"https:\/\/www.rostoyzumos.com\/wp-content\/uploads\/2022\/11\/MicrosoftTeams-image-300x300.png 300w, https:\/\/www.rostoyzumos.com\/wp-content\/uploads\/2022\/11\/MicrosoftTeams-image-80x80.png 80w, https:\/\/www.rostoyzumos.com\/wp-content\/uploads\/2022\/11\/MicrosoftTeams-image-768x768.png 768w, https:\/\/www.rostoyzumos.com\/wp-content\/uploads\/2022\/11\/MicrosoftTeams-image-36x36.png 36w, https:\/\/www.rostoyzumos.com\/wp-content\/uploads\/2022\/11\/MicrosoftTeams-image-180x180.png 180w, https:\/\/www.rostoyzumos.com\/wp-content\/uploads\/2022\/11\/MicrosoftTeams-image-705x705.png 705w, https:\/\/www.rostoyzumos.com\/wp-content\/uploads\/2022\/11\/MicrosoftTeams-image-100x100.png 100w, https:\/\/www.rostoyzumos.com\/wp-content\/uploads\/2022\/11\/MicrosoftTeams-image-600x600.png 600w, https:\/\/www.rostoyzumos.com\/wp-content\/uploads\/2022\/11\/MicrosoftTeams-image-32x32.png 32w, https:\/\/www.rostoyzumos.com\/wp-content\/uploads\/2022\/11\/MicrosoftTeams-image.png 800w\" sizes=\"auto, (max-width: 210px) 100vw, 210px\" \/><\/a><\/p>\n<\/div><\/section>\n","protected":false},"excerpt":{"rendered":"","protected":false},"featured_media":22706,"template":"","meta":[],"product_brand":[],"product_cat":[1652,1667,1653],"product_tag":[],"class_list":{"0":"post-22810","1":"product","2":"type-product","3":"status-publish","4":"has-post-thumbnail","6":"product_cat-latas","7":"product_cat-nectar-latas","8":"product_cat-zumos-y-nectares","10":"first","11":"instock","12":"taxable","13":"shipping-taxable","14":"product-type-simple"},"yoast_head":"<!-- This site is optimized with the Yoast SEO plugin v27.2 - https:\/\/yoast.com\/product\/yoast-seo-wordpress\/ -->\n<title>N\u00e9ctar de Mango - 24 Latas x 330 ML - Rostoy<\/title>\n<meta name=\"robots\" content=\"index, follow, max-snippet:-1, max-image-preview:large, max-video-preview:-1\" \/>\n<link rel=\"canonical\" href=\"https:\/\/www.rostoyzumos.com\/en\/producto\/nectar-de-mango-24-latas-x-330-ml\/\" \/>\n<meta property=\"og:locale\" content=\"en_US\" \/>\n<meta property=\"og:type\" content=\"article\" \/>\n<meta property=\"og:title\" content=\"N\u00e9ctar de Mango - 24 Latas x 330 ML - Rostoy\" \/>\n<meta property=\"og:url\" content=\"https:\/\/www.rostoyzumos.com\/producto\/nectar-de-mango-24-latas-x-330-ml\/\" \/>\n<meta property=\"og:site_name\" content=\"Rostoy\" \/>\n<meta property=\"article:modified_time\" content=\"2023-06-23T10:01:14+00:00\" \/>\n<meta property=\"og:image\" content=\"https:\/\/www.rostoyzumos.com\/wp-content\/uploads\/2022\/11\/LATA_330ml_MANGO_950x950.jpg\" \/>\n\t<meta property=\"og:image:width\" content=\"950\" \/>\n\t<meta property=\"og:image:height\" content=\"950\" \/>\n\t<meta property=\"og:image:type\" content=\"image\/jpeg\" \/>\n<meta name=\"twitter:card\" content=\"summary_large_image\" \/>\n<meta name=\"twitter:label1\" content=\"Est. reading time\" \/>\n\t<meta name=\"twitter:data1\" content=\"1 minute\" \/>\n<script type=\"application\/ld+json\" class=\"yoast-schema-graph\">{\"@context\":\"https:\/\/schema.org\",\"@graph\":[{\"@type\":\"WebPage\",\"@id\":\"https:\/\/www.rostoyzumos.com\/producto\/nectar-de-mango-24-latas-x-330-ml\/\",\"url\":\"https:\/\/www.rostoyzumos.com\/producto\/nectar-de-mango-24-latas-x-330-ml\/\",\"name\":\"N\u00e9ctar de Mango - 24 Latas x 330 ML - Rostoy\",\"isPartOf\":{\"@id\":\"https:\/\/www.rostoyzumos.com\/en\/#website\"},\"primaryImageOfPage\":{\"@id\":\"https:\/\/www.rostoyzumos.com\/producto\/nectar-de-mango-24-latas-x-330-ml\/#primaryimage\"},\"image\":{\"@id\":\"https:\/\/www.rostoyzumos.com\/producto\/nectar-de-mango-24-latas-x-330-ml\/#primaryimage\"},\"thumbnailUrl\":\"https:\/\/www.rostoyzumos.com\/wp-content\/uploads\/2022\/11\/LATA_330ml_MANGO_950x950.jpg\",\"datePublished\":\"2022-11-24T15:01:00+00:00\",\"dateModified\":\"2023-06-23T10:01:14+00:00\",\"breadcrumb\":{\"@id\":\"https:\/\/www.rostoyzumos.com\/producto\/nectar-de-mango-24-latas-x-330-ml\/#breadcrumb\"},\"inLanguage\":\"en-US\",\"potentialAction\":[{\"@type\":\"ReadAction\",\"target\":[\"https:\/\/www.rostoyzumos.com\/producto\/nectar-de-mango-24-latas-x-330-ml\/\"]}]},{\"@type\":\"ImageObject\",\"inLanguage\":\"en-US\",\"@id\":\"https:\/\/www.rostoyzumos.com\/producto\/nectar-de-mango-24-latas-x-330-ml\/#primaryimage\",\"url\":\"https:\/\/www.rostoyzumos.com\/wp-content\/uploads\/2022\/11\/LATA_330ml_MANGO_950x950.jpg\",\"contentUrl\":\"https:\/\/www.rostoyzumos.com\/wp-content\/uploads\/2022\/11\/LATA_330ml_MANGO_950x950.jpg\",\"width\":950,\"height\":950},{\"@type\":\"BreadcrumbList\",\"@id\":\"https:\/\/www.rostoyzumos.com\/producto\/nectar-de-mango-24-latas-x-330-ml\/#breadcrumb\",\"itemListElement\":[{\"@type\":\"ListItem\",\"position\":1,\"name\":\"Portada\",\"item\":\"https:\/\/www.rostoyzumos.com\/en\/\"},{\"@type\":\"ListItem\",\"position\":2,\"name\":\"Products\",\"item\":\"https:\/\/www.rostoyzumos.com\/en\/shop\/\"},{\"@type\":\"ListItem\",\"position\":3,\"name\":\"N\u00e9ctar de Mango &#8211; 24 Latas x 330 ML\"}]},{\"@type\":\"WebSite\",\"@id\":\"https:\/\/www.rostoyzumos.com\/en\/#website\",\"url\":\"https:\/\/www.rostoyzumos.com\/en\/\",\"name\":\"Rostoy\",\"description\":\"Zumos y N\u00e9ctares Naturales y Tradicionales Espa\u00f1oles\",\"potentialAction\":[{\"@type\":\"SearchAction\",\"target\":{\"@type\":\"EntryPoint\",\"urlTemplate\":\"https:\/\/www.rostoyzumos.com\/en\/?s={search_term_string}\"},\"query-input\":{\"@type\":\"PropertyValueSpecification\",\"valueRequired\":true,\"valueName\":\"search_term_string\"}}],\"inLanguage\":\"en-US\"}]}<\/script>\n<!-- \/ Yoast SEO plugin. -->","yoast_head_json":{"title":"N\u00e9ctar de Mango - 24 Latas x 330 ML - Rostoy","robots":{"index":"index","follow":"follow","max-snippet":"max-snippet:-1","max-image-preview":"max-image-preview:large","max-video-preview":"max-video-preview:-1"},"canonical":"https:\/\/www.rostoyzumos.com\/en\/producto\/nectar-de-mango-24-latas-x-330-ml\/","og_locale":"en_US","og_type":"article","og_title":"N\u00e9ctar de Mango - 24 Latas x 330 ML - Rostoy","og_url":"https:\/\/www.rostoyzumos.com\/producto\/nectar-de-mango-24-latas-x-330-ml\/","og_site_name":"Rostoy","article_modified_time":"2023-06-23T10:01:14+00:00","og_image":[{"width":950,"height":950,"url":"https:\/\/www.rostoyzumos.com\/wp-content\/uploads\/2022\/11\/LATA_330ml_MANGO_950x950.jpg","type":"image\/jpeg"}],"twitter_card":"summary_large_image","twitter_misc":{"Est. reading time":"1 minute"},"schema":{"@context":"https:\/\/schema.org","@graph":[{"@type":"WebPage","@id":"https:\/\/www.rostoyzumos.com\/producto\/nectar-de-mango-24-latas-x-330-ml\/","url":"https:\/\/www.rostoyzumos.com\/producto\/nectar-de-mango-24-latas-x-330-ml\/","name":"N\u00e9ctar de Mango - 24 Latas x 330 ML - Rostoy","isPartOf":{"@id":"https:\/\/www.rostoyzumos.com\/en\/#website"},"primaryImageOfPage":{"@id":"https:\/\/www.rostoyzumos.com\/producto\/nectar-de-mango-24-latas-x-330-ml\/#primaryimage"},"image":{"@id":"https:\/\/www.rostoyzumos.com\/producto\/nectar-de-mango-24-latas-x-330-ml\/#primaryimage"},"thumbnailUrl":"https:\/\/www.rostoyzumos.com\/wp-content\/uploads\/2022\/11\/LATA_330ml_MANGO_950x950.jpg","datePublished":"2022-11-24T15:01:00+00:00","dateModified":"2023-06-23T10:01:14+00:00","breadcrumb":{"@id":"https:\/\/www.rostoyzumos.com\/producto\/nectar-de-mango-24-latas-x-330-ml\/#breadcrumb"},"inLanguage":"en-US","potentialAction":[{"@type":"ReadAction","target":["https:\/\/www.rostoyzumos.com\/producto\/nectar-de-mango-24-latas-x-330-ml\/"]}]},{"@type":"ImageObject","inLanguage":"en-US","@id":"https:\/\/www.rostoyzumos.com\/producto\/nectar-de-mango-24-latas-x-330-ml\/#primaryimage","url":"https:\/\/www.rostoyzumos.com\/wp-content\/uploads\/2022\/11\/LATA_330ml_MANGO_950x950.jpg","contentUrl":"https:\/\/www.rostoyzumos.com\/wp-content\/uploads\/2022\/11\/LATA_330ml_MANGO_950x950.jpg","width":950,"height":950},{"@type":"BreadcrumbList","@id":"https:\/\/www.rostoyzumos.com\/producto\/nectar-de-mango-24-latas-x-330-ml\/#breadcrumb","itemListElement":[{"@type":"ListItem","position":1,"name":"Portada","item":"https:\/\/www.rostoyzumos.com\/en\/"},{"@type":"ListItem","position":2,"name":"Products","item":"https:\/\/www.rostoyzumos.com\/en\/shop\/"},{"@type":"ListItem","position":3,"name":"N\u00e9ctar de Mango &#8211; 24 Latas x 330 ML"}]},{"@type":"WebSite","@id":"https:\/\/www.rostoyzumos.com\/en\/#website","url":"https:\/\/www.rostoyzumos.com\/en\/","name":"Rostoy","description":"Zumos y N\u00e9ctares Naturales y Tradicionales Espa\u00f1oles","potentialAction":[{"@type":"SearchAction","target":{"@type":"EntryPoint","urlTemplate":"https:\/\/www.rostoyzumos.com\/en\/?s={search_term_string}"},"query-input":{"@type":"PropertyValueSpecification","valueRequired":true,"valueName":"search_term_string"}}],"inLanguage":"en-US"}]}},"_links":{"self":[{"href":"https:\/\/www.rostoyzumos.com\/en\/wp-json\/wp\/v2\/product\/22810","targetHints":{"allow":["GET"]}}],"collection":[{"href":"https:\/\/www.rostoyzumos.com\/en\/wp-json\/wp\/v2\/product"}],"about":[{"href":"https:\/\/www.rostoyzumos.com\/en\/wp-json\/wp\/v2\/types\/product"}],"wp:featuredmedia":[{"embeddable":true,"href":"https:\/\/www.rostoyzumos.com\/en\/wp-json\/wp\/v2\/media\/22706"}],"wp:attachment":[{"href":"https:\/\/www.rostoyzumos.com\/en\/wp-json\/wp\/v2\/media?parent=22810"}],"wp:term":[{"taxonomy":"product_brand","embeddable":true,"href":"https:\/\/www.rostoyzumos.com\/en\/wp-json\/wp\/v2\/product_brand?post=22810"},{"taxonomy":"product_cat","embeddable":true,"href":"https:\/\/www.rostoyzumos.com\/en\/wp-json\/wp\/v2\/product_cat?post=22810"},{"taxonomy":"product_tag","embeddable":true,"href":"https:\/\/www.rostoyzumos.com\/en\/wp-json\/wp\/v2\/product_tag?post=22810"}],"curies":[{"name":"wp","href":"https:\/\/api.w.org\/{rel}","templated":true}]}}