{"id":22824,"date":"2022-11-22T17:36:23","date_gmt":"2022-11-22T16:36:23","guid":{"rendered":"https:\/\/rostoy.webgarciacarrion.com\/?post_type=product&#038;p=22824"},"modified":"2024-03-24T20:49:03","modified_gmt":"2024-03-24T19:49:03","slug":"mosto-de-uva-tinta-6-botellas-pet-x-15-l","status":"publish","type":"product","link":"https:\/\/www.rostoyzumos.com\/producto\/mosto-de-uva-tinta-6-botellas-pet-x-15-l\/","title":{"rendered":"Mosto de Uva Tinta &#8211; 6 Botellas Pet x 1,5 L"},"content":{"rendered":"<p>Mosto de Uva tinta Rostoy. Elaborado de forma tradicional en Espa\u00f1a, sin az\u00facares a\u00f1adidos y con las mejores frutas. Manteniendo todo su sabor Natural y su reconocible aroma a fruta.<\/p>\n<ul>\n<li>6 unidades<\/li>\n<li>80 cajas<\/li>\n<li>30 pallets<\/li>\n<\/ul>\n<p>Referencia: 11484<\/p>\n<p><a href=\"https:\/\/www.rostoyzumos.com\/wp-content\/uploads\/2023\/01\/11484.pdf\"><img loading=\"lazy\" decoding=\"async\" class=\"alignnone wp-image-23718\" src=\"\/wp-content\/uploads\/2022\/11\/MicrosoftTeams-image-300x300.png\" alt=\"\" width=\"210\" height=\"210\" srcset=\"https:\/\/www.rostoyzumos.com\/wp-content\/uploads\/2022\/11\/MicrosoftTeams-image-300x300.png 300w, https:\/\/www.rostoyzumos.com\/wp-content\/uploads\/2022\/11\/MicrosoftTeams-image-80x80.png 80w, https:\/\/www.rostoyzumos.com\/wp-content\/uploads\/2022\/11\/MicrosoftTeams-image-768x768.png 768w, https:\/\/www.rostoyzumos.com\/wp-content\/uploads\/2022\/11\/MicrosoftTeams-image-36x36.png 36w, https:\/\/www.rostoyzumos.com\/wp-content\/uploads\/2022\/11\/MicrosoftTeams-image-180x180.png 180w, https:\/\/www.rostoyzumos.com\/wp-content\/uploads\/2022\/11\/MicrosoftTeams-image-705x705.png 705w, https:\/\/www.rostoyzumos.com\/wp-content\/uploads\/2022\/11\/MicrosoftTeams-image-100x100.png 100w, https:\/\/www.rostoyzumos.com\/wp-content\/uploads\/2022\/11\/MicrosoftTeams-image-600x600.png 600w, https:\/\/www.rostoyzumos.com\/wp-content\/uploads\/2022\/11\/MicrosoftTeams-image-32x32.png 32w, https:\/\/www.rostoyzumos.com\/wp-content\/uploads\/2022\/11\/MicrosoftTeams-image.png 800w\" sizes=\"auto, (max-width: 210px) 100vw, 210px\" \/><\/a><\/p>\n<p>&nbsp;<\/p>\n","protected":false},"excerpt":{"rendered":"<p>Mosto de Uva tinta Rostoy. Elaborado de forma tradicional en Espa\u00f1a, sin az\u00facares a\u00f1adidos y con las mejores frutas. Manteniendo todo su sabor Natural y su reconocible aroma a fruta. 6 unidades 80 cajas 30 pallets Referencia: 11484 &nbsp;<\/p>\n","protected":false},"featured_media":22722,"template":"","meta":[],"product_brand":[],"product_cat":[1659,1663,1671],"product_tag":[],"class_list":{"0":"post-22824","1":"product","2":"type-product","3":"status-publish","4":"has-post-thumbnail","6":"product_cat-mosto","7":"product_cat-pet","8":"product_cat-mosto-pet","10":"first","11":"instock","12":"taxable","13":"shipping-taxable","14":"product-type-simple"},"yoast_head":"<!-- This site is optimized with the Yoast SEO plugin v27.2 - https:\/\/yoast.com\/product\/yoast-seo-wordpress\/ -->\n<title>Mosto de Uva Tinta - 6 Botellas Pet x 1,5 L - Rostoy<\/title>\n<meta name=\"robots\" content=\"index, follow, max-snippet:-1, max-image-preview:large, max-video-preview:-1\" \/>\n<link rel=\"canonical\" href=\"https:\/\/www.rostoyzumos.com\/en\/producto\/mosto-de-uva-tinta-6-botellas-pet-x-15-l\/\" \/>\n<meta property=\"og:locale\" content=\"en_US\" \/>\n<meta property=\"og:type\" content=\"article\" \/>\n<meta property=\"og:title\" content=\"Mosto de Uva Tinta - 6 Botellas Pet x 1,5 L - Rostoy\" \/>\n<meta property=\"og:description\" content=\"Mosto de Uva tinta Rostoy. Elaborado de forma tradicional en Espa\u00f1a, sin az\u00facares a\u00f1adidos y con las mejores frutas. Manteniendo todo su sabor Natural y su reconocible aroma a fruta. 6 unidades 80 cajas 30 pallets Referencia: 11484 &nbsp;\" \/>\n<meta property=\"og:url\" content=\"https:\/\/www.rostoyzumos.com\/producto\/mosto-de-uva-tinta-6-botellas-pet-x-15-l\/\" \/>\n<meta property=\"og:site_name\" content=\"Rostoy\" \/>\n<meta property=\"article:modified_time\" content=\"2024-03-24T19:49:03+00:00\" \/>\n<meta property=\"og:image\" content=\"https:\/\/www.rostoyzumos.com\/wp-content\/uploads\/2022\/11\/MOSTO_TINTO_15L_950x950.jpg\" \/>\n\t<meta property=\"og:image:width\" content=\"950\" \/>\n\t<meta property=\"og:image:height\" content=\"950\" \/>\n\t<meta property=\"og:image:type\" content=\"image\/jpeg\" \/>\n<meta name=\"twitter:card\" content=\"summary_large_image\" \/>\n<meta name=\"twitter:label1\" content=\"Est. reading time\" \/>\n\t<meta name=\"twitter:data1\" content=\"1 minute\" \/>\n<script type=\"application\/ld+json\" class=\"yoast-schema-graph\">{\"@context\":\"https:\/\/schema.org\",\"@graph\":[{\"@type\":\"WebPage\",\"@id\":\"https:\/\/www.rostoyzumos.com\/producto\/mosto-de-uva-tinta-6-botellas-pet-x-15-l\/\",\"url\":\"https:\/\/www.rostoyzumos.com\/producto\/mosto-de-uva-tinta-6-botellas-pet-x-15-l\/\",\"name\":\"Mosto de Uva Tinta - 6 Botellas Pet x 1,5 L - Rostoy\",\"isPartOf\":{\"@id\":\"https:\/\/www.rostoyzumos.com\/en\/#website\"},\"primaryImageOfPage\":{\"@id\":\"https:\/\/www.rostoyzumos.com\/producto\/mosto-de-uva-tinta-6-botellas-pet-x-15-l\/#primaryimage\"},\"image\":{\"@id\":\"https:\/\/www.rostoyzumos.com\/producto\/mosto-de-uva-tinta-6-botellas-pet-x-15-l\/#primaryimage\"},\"thumbnailUrl\":\"https:\/\/www.rostoyzumos.com\/wp-content\/uploads\/2022\/11\/MOSTO_TINTO_15L_950x950.jpg\",\"datePublished\":\"2022-11-22T16:36:23+00:00\",\"dateModified\":\"2024-03-24T19:49:03+00:00\",\"breadcrumb\":{\"@id\":\"https:\/\/www.rostoyzumos.com\/producto\/mosto-de-uva-tinta-6-botellas-pet-x-15-l\/#breadcrumb\"},\"inLanguage\":\"en-US\",\"potentialAction\":[{\"@type\":\"ReadAction\",\"target\":[\"https:\/\/www.rostoyzumos.com\/producto\/mosto-de-uva-tinta-6-botellas-pet-x-15-l\/\"]}]},{\"@type\":\"ImageObject\",\"inLanguage\":\"en-US\",\"@id\":\"https:\/\/www.rostoyzumos.com\/producto\/mosto-de-uva-tinta-6-botellas-pet-x-15-l\/#primaryimage\",\"url\":\"https:\/\/www.rostoyzumos.com\/wp-content\/uploads\/2022\/11\/MOSTO_TINTO_15L_950x950.jpg\",\"contentUrl\":\"https:\/\/www.rostoyzumos.com\/wp-content\/uploads\/2022\/11\/MOSTO_TINTO_15L_950x950.jpg\",\"width\":950,\"height\":950},{\"@type\":\"BreadcrumbList\",\"@id\":\"https:\/\/www.rostoyzumos.com\/producto\/mosto-de-uva-tinta-6-botellas-pet-x-15-l\/#breadcrumb\",\"itemListElement\":[{\"@type\":\"ListItem\",\"position\":1,\"name\":\"Portada\",\"item\":\"https:\/\/www.rostoyzumos.com\/en\/\"},{\"@type\":\"ListItem\",\"position\":2,\"name\":\"Products\",\"item\":\"https:\/\/www.rostoyzumos.com\/en\/shop\/\"},{\"@type\":\"ListItem\",\"position\":3,\"name\":\"Mosto de Uva Tinta &#8211; 6 Botellas Pet x 1,5 L\"}]},{\"@type\":\"WebSite\",\"@id\":\"https:\/\/www.rostoyzumos.com\/en\/#website\",\"url\":\"https:\/\/www.rostoyzumos.com\/en\/\",\"name\":\"Rostoy\",\"description\":\"Zumos y N\u00e9ctares Naturales y Tradicionales Espa\u00f1oles\",\"potentialAction\":[{\"@type\":\"SearchAction\",\"target\":{\"@type\":\"EntryPoint\",\"urlTemplate\":\"https:\/\/www.rostoyzumos.com\/en\/?s={search_term_string}\"},\"query-input\":{\"@type\":\"PropertyValueSpecification\",\"valueRequired\":true,\"valueName\":\"search_term_string\"}}],\"inLanguage\":\"en-US\"}]}<\/script>\n<!-- \/ Yoast SEO plugin. -->","yoast_head_json":{"title":"Mosto de Uva Tinta - 6 Botellas Pet x 1,5 L - Rostoy","robots":{"index":"index","follow":"follow","max-snippet":"max-snippet:-1","max-image-preview":"max-image-preview:large","max-video-preview":"max-video-preview:-1"},"canonical":"https:\/\/www.rostoyzumos.com\/en\/producto\/mosto-de-uva-tinta-6-botellas-pet-x-15-l\/","og_locale":"en_US","og_type":"article","og_title":"Mosto de Uva Tinta - 6 Botellas Pet x 1,5 L - Rostoy","og_description":"Mosto de Uva tinta Rostoy. Elaborado de forma tradicional en Espa\u00f1a, sin az\u00facares a\u00f1adidos y con las mejores frutas. Manteniendo todo su sabor Natural y su reconocible aroma a fruta. 6 unidades 80 cajas 30 pallets Referencia: 11484 &nbsp;","og_url":"https:\/\/www.rostoyzumos.com\/producto\/mosto-de-uva-tinta-6-botellas-pet-x-15-l\/","og_site_name":"Rostoy","article_modified_time":"2024-03-24T19:49:03+00:00","og_image":[{"width":950,"height":950,"url":"https:\/\/www.rostoyzumos.com\/wp-content\/uploads\/2022\/11\/MOSTO_TINTO_15L_950x950.jpg","type":"image\/jpeg"}],"twitter_card":"summary_large_image","twitter_misc":{"Est. reading time":"1 minute"},"schema":{"@context":"https:\/\/schema.org","@graph":[{"@type":"WebPage","@id":"https:\/\/www.rostoyzumos.com\/producto\/mosto-de-uva-tinta-6-botellas-pet-x-15-l\/","url":"https:\/\/www.rostoyzumos.com\/producto\/mosto-de-uva-tinta-6-botellas-pet-x-15-l\/","name":"Mosto de Uva Tinta - 6 Botellas Pet x 1,5 L - Rostoy","isPartOf":{"@id":"https:\/\/www.rostoyzumos.com\/en\/#website"},"primaryImageOfPage":{"@id":"https:\/\/www.rostoyzumos.com\/producto\/mosto-de-uva-tinta-6-botellas-pet-x-15-l\/#primaryimage"},"image":{"@id":"https:\/\/www.rostoyzumos.com\/producto\/mosto-de-uva-tinta-6-botellas-pet-x-15-l\/#primaryimage"},"thumbnailUrl":"https:\/\/www.rostoyzumos.com\/wp-content\/uploads\/2022\/11\/MOSTO_TINTO_15L_950x950.jpg","datePublished":"2022-11-22T16:36:23+00:00","dateModified":"2024-03-24T19:49:03+00:00","breadcrumb":{"@id":"https:\/\/www.rostoyzumos.com\/producto\/mosto-de-uva-tinta-6-botellas-pet-x-15-l\/#breadcrumb"},"inLanguage":"en-US","potentialAction":[{"@type":"ReadAction","target":["https:\/\/www.rostoyzumos.com\/producto\/mosto-de-uva-tinta-6-botellas-pet-x-15-l\/"]}]},{"@type":"ImageObject","inLanguage":"en-US","@id":"https:\/\/www.rostoyzumos.com\/producto\/mosto-de-uva-tinta-6-botellas-pet-x-15-l\/#primaryimage","url":"https:\/\/www.rostoyzumos.com\/wp-content\/uploads\/2022\/11\/MOSTO_TINTO_15L_950x950.jpg","contentUrl":"https:\/\/www.rostoyzumos.com\/wp-content\/uploads\/2022\/11\/MOSTO_TINTO_15L_950x950.jpg","width":950,"height":950},{"@type":"BreadcrumbList","@id":"https:\/\/www.rostoyzumos.com\/producto\/mosto-de-uva-tinta-6-botellas-pet-x-15-l\/#breadcrumb","itemListElement":[{"@type":"ListItem","position":1,"name":"Portada","item":"https:\/\/www.rostoyzumos.com\/en\/"},{"@type":"ListItem","position":2,"name":"Products","item":"https:\/\/www.rostoyzumos.com\/en\/shop\/"},{"@type":"ListItem","position":3,"name":"Mosto de Uva Tinta &#8211; 6 Botellas Pet x 1,5 L"}]},{"@type":"WebSite","@id":"https:\/\/www.rostoyzumos.com\/en\/#website","url":"https:\/\/www.rostoyzumos.com\/en\/","name":"Rostoy","description":"Zumos y N\u00e9ctares Naturales y Tradicionales Espa\u00f1oles","potentialAction":[{"@type":"SearchAction","target":{"@type":"EntryPoint","urlTemplate":"https:\/\/www.rostoyzumos.com\/en\/?s={search_term_string}"},"query-input":{"@type":"PropertyValueSpecification","valueRequired":true,"valueName":"search_term_string"}}],"inLanguage":"en-US"}]}},"_links":{"self":[{"href":"https:\/\/www.rostoyzumos.com\/en\/wp-json\/wp\/v2\/product\/22824","targetHints":{"allow":["GET"]}}],"collection":[{"href":"https:\/\/www.rostoyzumos.com\/en\/wp-json\/wp\/v2\/product"}],"about":[{"href":"https:\/\/www.rostoyzumos.com\/en\/wp-json\/wp\/v2\/types\/product"}],"wp:featuredmedia":[{"embeddable":true,"href":"https:\/\/www.rostoyzumos.com\/en\/wp-json\/wp\/v2\/media\/22722"}],"wp:attachment":[{"href":"https:\/\/www.rostoyzumos.com\/en\/wp-json\/wp\/v2\/media?parent=22824"}],"wp:term":[{"taxonomy":"product_brand","embeddable":true,"href":"https:\/\/www.rostoyzumos.com\/en\/wp-json\/wp\/v2\/product_brand?post=22824"},{"taxonomy":"product_cat","embeddable":true,"href":"https:\/\/www.rostoyzumos.com\/en\/wp-json\/wp\/v2\/product_cat?post=22824"},{"taxonomy":"product_tag","embeddable":true,"href":"https:\/\/www.rostoyzumos.com\/en\/wp-json\/wp\/v2\/product_tag?post=22824"}],"curies":[{"name":"wp","href":"https:\/\/api.w.org\/{rel}","templated":true}]}}