{"id":23424,"date":"2022-12-12T17:03:39","date_gmt":"2022-12-12T16:03:39","guid":{"rendered":"https:\/\/rostoy.webgarciacarrion.com\/?post_type=product&#038;p=23424"},"modified":"2022-12-22T17:26:02","modified_gmt":"2022-12-22T16:26:02","slug":"nectar-de-melocoton-12-tetra-slim-x-1-litro-2","status":"publish","type":"product","link":"https:\/\/www.rostoyzumos.com\/producto\/nectar-de-melocoton-12-tetra-slim-x-1-litro-2\/","title":{"rendered":"N\u00c9CTAR DE MELOCOT\u00d3N &#8211; 12 TETRA SLIM X 1 LITRO"},"content":{"rendered":"<p>N\u00e9ctar de Melocot\u00f3n Rostoy. Elaborado de forma tradicional en Espa\u00f1a y con las mejores frutas. Manteniendo todo su sabor Natural y su reconocible aroma a fruta.<\/p>\n<ul>\n<li>12 unidades<\/li>\n<li>72 cajas<\/li>\n<li>26 pallets<\/li>\n<\/ul>\n","protected":false},"excerpt":{"rendered":"<p>N\u00e9ctar de Melocot\u00f3n Rostoy. Elaborado de forma tradicional en Espa\u00f1a y con las mejores frutas. Manteniendo todo su sabor Natural y su reconocible aroma a fruta. 12 unidades 72 cajas 26 pallets<\/p>\n","protected":false},"featured_media":23432,"template":"","meta":[],"product_brand":[],"product_cat":[1665,15,1658,1672,1653],"product_tag":[],"class_list":{"0":"post-23424","1":"product","2":"type-product","3":"status-publish","4":"has-post-thumbnail","6":"product_cat-brick","7":"product_cat-horeca","8":"product_cat-nectar","9":"product_cat-nuevos-brick-nectar","10":"product_cat-zumos-y-nectares","12":"first","13":"instock","14":"taxable","15":"shipping-taxable","16":"product-type-simple"},"yoast_head":"<!-- This site is optimized with the Yoast SEO plugin v27.2 - https:\/\/yoast.com\/product\/yoast-seo-wordpress\/ -->\n<title>N\u00c9CTAR DE MELOCOT\u00d3N - 12 TETRA SLIM X 1 LITRO - Rostoy<\/title>\n<meta name=\"robots\" content=\"index, follow, max-snippet:-1, max-image-preview:large, max-video-preview:-1\" \/>\n<link rel=\"canonical\" href=\"https:\/\/www.rostoyzumos.com\/en\/producto\/nectar-de-melocoton-12-tetra-slim-x-1-litro-2\/\" \/>\n<meta property=\"og:locale\" content=\"en_US\" \/>\n<meta property=\"og:type\" content=\"article\" \/>\n<meta property=\"og:title\" content=\"N\u00c9CTAR DE MELOCOT\u00d3N - 12 TETRA SLIM X 1 LITRO - Rostoy\" \/>\n<meta property=\"og:description\" content=\"N\u00e9ctar de Melocot\u00f3n Rostoy. Elaborado de forma tradicional en Espa\u00f1a y con las mejores frutas. Manteniendo todo su sabor Natural y su reconocible aroma a fruta. 12 unidades 72 cajas 26 pallets\" \/>\n<meta property=\"og:url\" content=\"https:\/\/www.rostoyzumos.com\/producto\/nectar-de-melocoton-12-tetra-slim-x-1-litro-2\/\" \/>\n<meta property=\"og:site_name\" content=\"Rostoy\" \/>\n<meta property=\"article:modified_time\" content=\"2022-12-22T16:26:02+00:00\" \/>\n<meta property=\"og:image\" content=\"https:\/\/www.rostoyzumos.com\/wp-content\/uploads\/2022\/12\/BRIK_1L_MELOCOTON_tarro_950x950.jpg\" \/>\n\t<meta property=\"og:image:width\" content=\"950\" \/>\n\t<meta property=\"og:image:height\" content=\"950\" \/>\n\t<meta property=\"og:image:type\" content=\"image\/jpeg\" \/>\n<meta name=\"twitter:card\" content=\"summary_large_image\" \/>\n<meta name=\"twitter:label1\" content=\"Est. reading time\" \/>\n\t<meta name=\"twitter:data1\" content=\"1 minute\" \/>\n<script type=\"application\/ld+json\" class=\"yoast-schema-graph\">{\"@context\":\"https:\/\/schema.org\",\"@graph\":[{\"@type\":\"WebPage\",\"@id\":\"https:\/\/www.rostoyzumos.com\/producto\/nectar-de-melocoton-12-tetra-slim-x-1-litro-2\/\",\"url\":\"https:\/\/www.rostoyzumos.com\/producto\/nectar-de-melocoton-12-tetra-slim-x-1-litro-2\/\",\"name\":\"N\u00c9CTAR DE MELOCOT\u00d3N - 12 TETRA SLIM X 1 LITRO - Rostoy\",\"isPartOf\":{\"@id\":\"https:\/\/www.rostoyzumos.com\/en\/#website\"},\"primaryImageOfPage\":{\"@id\":\"https:\/\/www.rostoyzumos.com\/producto\/nectar-de-melocoton-12-tetra-slim-x-1-litro-2\/#primaryimage\"},\"image\":{\"@id\":\"https:\/\/www.rostoyzumos.com\/producto\/nectar-de-melocoton-12-tetra-slim-x-1-litro-2\/#primaryimage\"},\"thumbnailUrl\":\"https:\/\/www.rostoyzumos.com\/wp-content\/uploads\/2022\/12\/BRIK_1L_MELOCOTON_tarro_950x950.jpg\",\"datePublished\":\"2022-12-12T16:03:39+00:00\",\"dateModified\":\"2022-12-22T16:26:02+00:00\",\"breadcrumb\":{\"@id\":\"https:\/\/www.rostoyzumos.com\/producto\/nectar-de-melocoton-12-tetra-slim-x-1-litro-2\/#breadcrumb\"},\"inLanguage\":\"en-US\",\"potentialAction\":[{\"@type\":\"ReadAction\",\"target\":[\"https:\/\/www.rostoyzumos.com\/producto\/nectar-de-melocoton-12-tetra-slim-x-1-litro-2\/\"]}]},{\"@type\":\"ImageObject\",\"inLanguage\":\"en-US\",\"@id\":\"https:\/\/www.rostoyzumos.com\/producto\/nectar-de-melocoton-12-tetra-slim-x-1-litro-2\/#primaryimage\",\"url\":\"https:\/\/www.rostoyzumos.com\/wp-content\/uploads\/2022\/12\/BRIK_1L_MELOCOTON_tarro_950x950.jpg\",\"contentUrl\":\"https:\/\/www.rostoyzumos.com\/wp-content\/uploads\/2022\/12\/BRIK_1L_MELOCOTON_tarro_950x950.jpg\",\"width\":950,\"height\":950},{\"@type\":\"BreadcrumbList\",\"@id\":\"https:\/\/www.rostoyzumos.com\/producto\/nectar-de-melocoton-12-tetra-slim-x-1-litro-2\/#breadcrumb\",\"itemListElement\":[{\"@type\":\"ListItem\",\"position\":1,\"name\":\"Portada\",\"item\":\"https:\/\/www.rostoyzumos.com\/en\/\"},{\"@type\":\"ListItem\",\"position\":2,\"name\":\"Products\",\"item\":\"https:\/\/www.rostoyzumos.com\/en\/shop\/\"},{\"@type\":\"ListItem\",\"position\":3,\"name\":\"N\u00c9CTAR DE MELOCOT\u00d3N &#8211; 12 TETRA SLIM X 1 LITRO\"}]},{\"@type\":\"WebSite\",\"@id\":\"https:\/\/www.rostoyzumos.com\/en\/#website\",\"url\":\"https:\/\/www.rostoyzumos.com\/en\/\",\"name\":\"Rostoy\",\"description\":\"Zumos y N\u00e9ctares Naturales y Tradicionales Espa\u00f1oles\",\"potentialAction\":[{\"@type\":\"SearchAction\",\"target\":{\"@type\":\"EntryPoint\",\"urlTemplate\":\"https:\/\/www.rostoyzumos.com\/en\/?s={search_term_string}\"},\"query-input\":{\"@type\":\"PropertyValueSpecification\",\"valueRequired\":true,\"valueName\":\"search_term_string\"}}],\"inLanguage\":\"en-US\"}]}<\/script>\n<!-- \/ Yoast SEO plugin. -->","yoast_head_json":{"title":"N\u00c9CTAR DE MELOCOT\u00d3N - 12 TETRA SLIM X 1 LITRO - Rostoy","robots":{"index":"index","follow":"follow","max-snippet":"max-snippet:-1","max-image-preview":"max-image-preview:large","max-video-preview":"max-video-preview:-1"},"canonical":"https:\/\/www.rostoyzumos.com\/en\/producto\/nectar-de-melocoton-12-tetra-slim-x-1-litro-2\/","og_locale":"en_US","og_type":"article","og_title":"N\u00c9CTAR DE MELOCOT\u00d3N - 12 TETRA SLIM X 1 LITRO - Rostoy","og_description":"N\u00e9ctar de Melocot\u00f3n Rostoy. Elaborado de forma tradicional en Espa\u00f1a y con las mejores frutas. Manteniendo todo su sabor Natural y su reconocible aroma a fruta. 12 unidades 72 cajas 26 pallets","og_url":"https:\/\/www.rostoyzumos.com\/producto\/nectar-de-melocoton-12-tetra-slim-x-1-litro-2\/","og_site_name":"Rostoy","article_modified_time":"2022-12-22T16:26:02+00:00","og_image":[{"width":950,"height":950,"url":"https:\/\/www.rostoyzumos.com\/wp-content\/uploads\/2022\/12\/BRIK_1L_MELOCOTON_tarro_950x950.jpg","type":"image\/jpeg"}],"twitter_card":"summary_large_image","twitter_misc":{"Est. reading time":"1 minute"},"schema":{"@context":"https:\/\/schema.org","@graph":[{"@type":"WebPage","@id":"https:\/\/www.rostoyzumos.com\/producto\/nectar-de-melocoton-12-tetra-slim-x-1-litro-2\/","url":"https:\/\/www.rostoyzumos.com\/producto\/nectar-de-melocoton-12-tetra-slim-x-1-litro-2\/","name":"N\u00c9CTAR DE MELOCOT\u00d3N - 12 TETRA SLIM X 1 LITRO - Rostoy","isPartOf":{"@id":"https:\/\/www.rostoyzumos.com\/en\/#website"},"primaryImageOfPage":{"@id":"https:\/\/www.rostoyzumos.com\/producto\/nectar-de-melocoton-12-tetra-slim-x-1-litro-2\/#primaryimage"},"image":{"@id":"https:\/\/www.rostoyzumos.com\/producto\/nectar-de-melocoton-12-tetra-slim-x-1-litro-2\/#primaryimage"},"thumbnailUrl":"https:\/\/www.rostoyzumos.com\/wp-content\/uploads\/2022\/12\/BRIK_1L_MELOCOTON_tarro_950x950.jpg","datePublished":"2022-12-12T16:03:39+00:00","dateModified":"2022-12-22T16:26:02+00:00","breadcrumb":{"@id":"https:\/\/www.rostoyzumos.com\/producto\/nectar-de-melocoton-12-tetra-slim-x-1-litro-2\/#breadcrumb"},"inLanguage":"en-US","potentialAction":[{"@type":"ReadAction","target":["https:\/\/www.rostoyzumos.com\/producto\/nectar-de-melocoton-12-tetra-slim-x-1-litro-2\/"]}]},{"@type":"ImageObject","inLanguage":"en-US","@id":"https:\/\/www.rostoyzumos.com\/producto\/nectar-de-melocoton-12-tetra-slim-x-1-litro-2\/#primaryimage","url":"https:\/\/www.rostoyzumos.com\/wp-content\/uploads\/2022\/12\/BRIK_1L_MELOCOTON_tarro_950x950.jpg","contentUrl":"https:\/\/www.rostoyzumos.com\/wp-content\/uploads\/2022\/12\/BRIK_1L_MELOCOTON_tarro_950x950.jpg","width":950,"height":950},{"@type":"BreadcrumbList","@id":"https:\/\/www.rostoyzumos.com\/producto\/nectar-de-melocoton-12-tetra-slim-x-1-litro-2\/#breadcrumb","itemListElement":[{"@type":"ListItem","position":1,"name":"Portada","item":"https:\/\/www.rostoyzumos.com\/en\/"},{"@type":"ListItem","position":2,"name":"Products","item":"https:\/\/www.rostoyzumos.com\/en\/shop\/"},{"@type":"ListItem","position":3,"name":"N\u00c9CTAR DE MELOCOT\u00d3N &#8211; 12 TETRA SLIM X 1 LITRO"}]},{"@type":"WebSite","@id":"https:\/\/www.rostoyzumos.com\/en\/#website","url":"https:\/\/www.rostoyzumos.com\/en\/","name":"Rostoy","description":"Zumos y N\u00e9ctares Naturales y Tradicionales Espa\u00f1oles","potentialAction":[{"@type":"SearchAction","target":{"@type":"EntryPoint","urlTemplate":"https:\/\/www.rostoyzumos.com\/en\/?s={search_term_string}"},"query-input":{"@type":"PropertyValueSpecification","valueRequired":true,"valueName":"search_term_string"}}],"inLanguage":"en-US"}]}},"_links":{"self":[{"href":"https:\/\/www.rostoyzumos.com\/en\/wp-json\/wp\/v2\/product\/23424","targetHints":{"allow":["GET"]}}],"collection":[{"href":"https:\/\/www.rostoyzumos.com\/en\/wp-json\/wp\/v2\/product"}],"about":[{"href":"https:\/\/www.rostoyzumos.com\/en\/wp-json\/wp\/v2\/types\/product"}],"wp:featuredmedia":[{"embeddable":true,"href":"https:\/\/www.rostoyzumos.com\/en\/wp-json\/wp\/v2\/media\/23432"}],"wp:attachment":[{"href":"https:\/\/www.rostoyzumos.com\/en\/wp-json\/wp\/v2\/media?parent=23424"}],"wp:term":[{"taxonomy":"product_brand","embeddable":true,"href":"https:\/\/www.rostoyzumos.com\/en\/wp-json\/wp\/v2\/product_brand?post=23424"},{"taxonomy":"product_cat","embeddable":true,"href":"https:\/\/www.rostoyzumos.com\/en\/wp-json\/wp\/v2\/product_cat?post=23424"},{"taxonomy":"product_tag","embeddable":true,"href":"https:\/\/www.rostoyzumos.com\/en\/wp-json\/wp\/v2\/product_tag?post=23424"}],"curies":[{"name":"wp","href":"https:\/\/api.w.org\/{rel}","templated":true}]}}