{"id":24047,"date":"2023-03-10T04:12:43","date_gmt":"2023-03-10T03:12:43","guid":{"rendered":"https:\/\/rostoy.webgarciacarrion.com\/?post_type=product&#038;p=24047"},"modified":"2023-05-23T12:40:38","modified_gmt":"2023-05-23T10:40:38","slug":"nectar-de-peche-et-de-mangue-12-tetra-slim-x-1-litre","status":"publish","type":"product","link":"https:\/\/www.rostoyzumos.com\/fr\/producto\/nectar-de-peche-et-de-mangue-12-tetra-slim-x-1-litre\/","title":{"rendered":"NECTAR DE P\u00caCHE ET DE MANGUE &#8211; 12 TETRA SLIM X 1 LITRE"},"content":{"rendered":"<p>Nectar de p\u00eache et de mangue Rostoy. \u00c9labor\u00e9 de mani\u00e8re traditionnelle en Espagne et avec les meilleurs fruits. Conserve toute sa saveur naturelle et son ar\u00f4me de fruits reconnaissable.<\/p>\n<ul>\n<li>12 unit\u00e9s<\/li>\n<li>72 bo\u00eetes<\/li>\n<li>26 pallets<\/li>\n<\/ul>\n","protected":false},"excerpt":{"rendered":"<p>Nectar de p\u00eache et de mangue Rostoy. \u00c9labor\u00e9 de mani\u00e8re traditionnelle en Espagne et avec les meilleurs fruits. Conserve toute sa saveur naturelle et son ar\u00f4me de fruits reconnaissable. 12 unit\u00e9s 72 bo\u00eetes 26 pallets<\/p>\n","protected":false},"featured_media":24067,"template":"","meta":[],"product_brand":[],"product_cat":[1679,1696,1688,1689,1692],"product_tag":[],"class_list":{"0":"post-24047","1":"product","2":"type-product","3":"status-publish","4":"has-post-thumbnail","6":"product_cat-brique","7":"product_cat-horeca-fr","8":"product_cat-jus-et-nectars","9":"product_cat-nectar-fr","10":"product_cat-nouveau-brique-nectar","12":"first","13":"instock","14":"taxable","15":"shipping-taxable","16":"product-type-simple"},"yoast_head":"<!-- This site is optimized with the Yoast SEO plugin v27.2 - https:\/\/yoast.com\/product\/yoast-seo-wordpress\/ -->\n<title>NECTAR DE P\u00caCHE ET DE MANGUE - 12 TETRA SLIM X 1 LITRE - Rostoy<\/title>\n<meta name=\"robots\" content=\"index, follow, max-snippet:-1, max-image-preview:large, max-video-preview:-1\" \/>\n<link rel=\"canonical\" href=\"https:\/\/www.rostoyzumos.com\/fr\/producto\/nectar-de-peche-et-de-mangue-12-tetra-slim-x-1-litre\/\" \/>\n<meta property=\"og:locale\" content=\"fr_FR\" \/>\n<meta property=\"og:type\" content=\"article\" \/>\n<meta property=\"og:title\" content=\"NECTAR DE P\u00caCHE ET DE MANGUE - 12 TETRA SLIM X 1 LITRE - Rostoy\" \/>\n<meta property=\"og:description\" content=\"Nectar de p\u00eache et de mangue Rostoy. \u00c9labor\u00e9 de mani\u00e8re traditionnelle en Espagne et avec les meilleurs fruits. Conserve toute sa saveur naturelle et son ar\u00f4me de fruits reconnaissable. 12 unit\u00e9s 72 bo\u00eetes 26 pallets\" \/>\n<meta property=\"og:url\" content=\"https:\/\/www.rostoyzumos.com\/fr\/producto\/nectar-de-peche-et-de-mangue-12-tetra-slim-x-1-litre\/\" \/>\n<meta property=\"og:site_name\" content=\"Rostoy\" \/>\n<meta property=\"article:modified_time\" content=\"2023-05-23T10:40:38+00:00\" \/>\n<meta property=\"og:image\" content=\"https:\/\/www.rostoyzumos.com\/wp-content\/uploads\/2022\/12\/BRIK_1L_MELOCOTON_MANGO_tarro_950x950.jpg\" \/>\n\t<meta property=\"og:image:width\" content=\"950\" \/>\n\t<meta property=\"og:image:height\" content=\"950\" \/>\n\t<meta property=\"og:image:type\" content=\"image\/jpeg\" \/>\n<meta name=\"twitter:card\" content=\"summary_large_image\" \/>\n<meta name=\"twitter:label1\" content=\"Est. reading time\" \/>\n\t<meta name=\"twitter:data1\" content=\"1 minute\" \/>\n<script type=\"application\/ld+json\" class=\"yoast-schema-graph\">{\"@context\":\"https:\/\/schema.org\",\"@graph\":[{\"@type\":\"WebPage\",\"@id\":\"https:\/\/www.rostoyzumos.com\/fr\/producto\/nectar-de-peche-et-de-mangue-12-tetra-slim-x-1-litre\/\",\"url\":\"https:\/\/www.rostoyzumos.com\/fr\/producto\/nectar-de-peche-et-de-mangue-12-tetra-slim-x-1-litre\/\",\"name\":\"NECTAR DE P\u00caCHE ET DE MANGUE - 12 TETRA SLIM X 1 LITRE - Rostoy\",\"isPartOf\":{\"@id\":\"https:\/\/www.rostoyzumos.com\/fr\/#website\"},\"primaryImageOfPage\":{\"@id\":\"https:\/\/www.rostoyzumos.com\/fr\/producto\/nectar-de-peche-et-de-mangue-12-tetra-slim-x-1-litre\/#primaryimage\"},\"image\":{\"@id\":\"https:\/\/www.rostoyzumos.com\/fr\/producto\/nectar-de-peche-et-de-mangue-12-tetra-slim-x-1-litre\/#primaryimage\"},\"thumbnailUrl\":\"https:\/\/www.rostoyzumos.com\/wp-content\/uploads\/2022\/12\/BRIK_1L_MELOCOTON_MANGO_tarro_950x950.jpg\",\"datePublished\":\"2023-03-10T03:12:43+00:00\",\"dateModified\":\"2023-05-23T10:40:38+00:00\",\"breadcrumb\":{\"@id\":\"https:\/\/www.rostoyzumos.com\/fr\/producto\/nectar-de-peche-et-de-mangue-12-tetra-slim-x-1-litre\/#breadcrumb\"},\"inLanguage\":\"fr-FR\",\"potentialAction\":[{\"@type\":\"ReadAction\",\"target\":[\"https:\/\/www.rostoyzumos.com\/fr\/producto\/nectar-de-peche-et-de-mangue-12-tetra-slim-x-1-litre\/\"]}]},{\"@type\":\"ImageObject\",\"inLanguage\":\"fr-FR\",\"@id\":\"https:\/\/www.rostoyzumos.com\/fr\/producto\/nectar-de-peche-et-de-mangue-12-tetra-slim-x-1-litre\/#primaryimage\",\"url\":\"https:\/\/www.rostoyzumos.com\/wp-content\/uploads\/2022\/12\/BRIK_1L_MELOCOTON_MANGO_tarro_950x950.jpg\",\"contentUrl\":\"https:\/\/www.rostoyzumos.com\/wp-content\/uploads\/2022\/12\/BRIK_1L_MELOCOTON_MANGO_tarro_950x950.jpg\",\"width\":950,\"height\":950},{\"@type\":\"BreadcrumbList\",\"@id\":\"https:\/\/www.rostoyzumos.com\/fr\/producto\/nectar-de-peche-et-de-mangue-12-tetra-slim-x-1-litre\/#breadcrumb\",\"itemListElement\":[{\"@type\":\"ListItem\",\"position\":1,\"name\":\"Portada\",\"item\":\"https:\/\/www.rostoyzumos.com\/fr\/\"},{\"@type\":\"ListItem\",\"position\":2,\"name\":\"Products\",\"item\":\"https:\/\/www.rostoyzumos.com\/fr\/shop\/\"},{\"@type\":\"ListItem\",\"position\":3,\"name\":\"NECTAR DE P\u00caCHE ET DE MANGUE &#8211; 12 TETRA SLIM X 1 LITRE\"}]},{\"@type\":\"WebSite\",\"@id\":\"https:\/\/www.rostoyzumos.com\/fr\/#website\",\"url\":\"https:\/\/www.rostoyzumos.com\/fr\/\",\"name\":\"Rostoy\",\"description\":\"Zumos y N\u00e9ctares Naturales y Tradicionales Espa\u00f1oles\",\"potentialAction\":[{\"@type\":\"SearchAction\",\"target\":{\"@type\":\"EntryPoint\",\"urlTemplate\":\"https:\/\/www.rostoyzumos.com\/fr\/?s={search_term_string}\"},\"query-input\":{\"@type\":\"PropertyValueSpecification\",\"valueRequired\":true,\"valueName\":\"search_term_string\"}}],\"inLanguage\":\"fr-FR\"}]}<\/script>\n<!-- \/ Yoast SEO plugin. -->","yoast_head_json":{"title":"NECTAR DE P\u00caCHE ET DE MANGUE - 12 TETRA SLIM X 1 LITRE - Rostoy","robots":{"index":"index","follow":"follow","max-snippet":"max-snippet:-1","max-image-preview":"max-image-preview:large","max-video-preview":"max-video-preview:-1"},"canonical":"https:\/\/www.rostoyzumos.com\/fr\/producto\/nectar-de-peche-et-de-mangue-12-tetra-slim-x-1-litre\/","og_locale":"fr_FR","og_type":"article","og_title":"NECTAR DE P\u00caCHE ET DE MANGUE - 12 TETRA SLIM X 1 LITRE - Rostoy","og_description":"Nectar de p\u00eache et de mangue Rostoy. \u00c9labor\u00e9 de mani\u00e8re traditionnelle en Espagne et avec les meilleurs fruits. Conserve toute sa saveur naturelle et son ar\u00f4me de fruits reconnaissable. 12 unit\u00e9s 72 bo\u00eetes 26 pallets","og_url":"https:\/\/www.rostoyzumos.com\/fr\/producto\/nectar-de-peche-et-de-mangue-12-tetra-slim-x-1-litre\/","og_site_name":"Rostoy","article_modified_time":"2023-05-23T10:40:38+00:00","og_image":[{"width":950,"height":950,"url":"https:\/\/www.rostoyzumos.com\/wp-content\/uploads\/2022\/12\/BRIK_1L_MELOCOTON_MANGO_tarro_950x950.jpg","type":"image\/jpeg"}],"twitter_card":"summary_large_image","twitter_misc":{"Est. reading time":"1 minute"},"schema":{"@context":"https:\/\/schema.org","@graph":[{"@type":"WebPage","@id":"https:\/\/www.rostoyzumos.com\/fr\/producto\/nectar-de-peche-et-de-mangue-12-tetra-slim-x-1-litre\/","url":"https:\/\/www.rostoyzumos.com\/fr\/producto\/nectar-de-peche-et-de-mangue-12-tetra-slim-x-1-litre\/","name":"NECTAR DE P\u00caCHE ET DE MANGUE - 12 TETRA SLIM X 1 LITRE - Rostoy","isPartOf":{"@id":"https:\/\/www.rostoyzumos.com\/fr\/#website"},"primaryImageOfPage":{"@id":"https:\/\/www.rostoyzumos.com\/fr\/producto\/nectar-de-peche-et-de-mangue-12-tetra-slim-x-1-litre\/#primaryimage"},"image":{"@id":"https:\/\/www.rostoyzumos.com\/fr\/producto\/nectar-de-peche-et-de-mangue-12-tetra-slim-x-1-litre\/#primaryimage"},"thumbnailUrl":"https:\/\/www.rostoyzumos.com\/wp-content\/uploads\/2022\/12\/BRIK_1L_MELOCOTON_MANGO_tarro_950x950.jpg","datePublished":"2023-03-10T03:12:43+00:00","dateModified":"2023-05-23T10:40:38+00:00","breadcrumb":{"@id":"https:\/\/www.rostoyzumos.com\/fr\/producto\/nectar-de-peche-et-de-mangue-12-tetra-slim-x-1-litre\/#breadcrumb"},"inLanguage":"fr-FR","potentialAction":[{"@type":"ReadAction","target":["https:\/\/www.rostoyzumos.com\/fr\/producto\/nectar-de-peche-et-de-mangue-12-tetra-slim-x-1-litre\/"]}]},{"@type":"ImageObject","inLanguage":"fr-FR","@id":"https:\/\/www.rostoyzumos.com\/fr\/producto\/nectar-de-peche-et-de-mangue-12-tetra-slim-x-1-litre\/#primaryimage","url":"https:\/\/www.rostoyzumos.com\/wp-content\/uploads\/2022\/12\/BRIK_1L_MELOCOTON_MANGO_tarro_950x950.jpg","contentUrl":"https:\/\/www.rostoyzumos.com\/wp-content\/uploads\/2022\/12\/BRIK_1L_MELOCOTON_MANGO_tarro_950x950.jpg","width":950,"height":950},{"@type":"BreadcrumbList","@id":"https:\/\/www.rostoyzumos.com\/fr\/producto\/nectar-de-peche-et-de-mangue-12-tetra-slim-x-1-litre\/#breadcrumb","itemListElement":[{"@type":"ListItem","position":1,"name":"Portada","item":"https:\/\/www.rostoyzumos.com\/fr\/"},{"@type":"ListItem","position":2,"name":"Products","item":"https:\/\/www.rostoyzumos.com\/fr\/shop\/"},{"@type":"ListItem","position":3,"name":"NECTAR DE P\u00caCHE ET DE MANGUE &#8211; 12 TETRA SLIM X 1 LITRE"}]},{"@type":"WebSite","@id":"https:\/\/www.rostoyzumos.com\/fr\/#website","url":"https:\/\/www.rostoyzumos.com\/fr\/","name":"Rostoy","description":"Zumos y N\u00e9ctares Naturales y Tradicionales Espa\u00f1oles","potentialAction":[{"@type":"SearchAction","target":{"@type":"EntryPoint","urlTemplate":"https:\/\/www.rostoyzumos.com\/fr\/?s={search_term_string}"},"query-input":{"@type":"PropertyValueSpecification","valueRequired":true,"valueName":"search_term_string"}}],"inLanguage":"fr-FR"}]}},"_links":{"self":[{"href":"https:\/\/www.rostoyzumos.com\/fr\/wp-json\/wp\/v2\/product\/24047","targetHints":{"allow":["GET"]}}],"collection":[{"href":"https:\/\/www.rostoyzumos.com\/fr\/wp-json\/wp\/v2\/product"}],"about":[{"href":"https:\/\/www.rostoyzumos.com\/fr\/wp-json\/wp\/v2\/types\/product"}],"wp:featuredmedia":[{"embeddable":true,"href":"https:\/\/www.rostoyzumos.com\/fr\/wp-json\/wp\/v2\/media\/24067"}],"wp:attachment":[{"href":"https:\/\/www.rostoyzumos.com\/fr\/wp-json\/wp\/v2\/media?parent=24047"}],"wp:term":[{"taxonomy":"product_brand","embeddable":true,"href":"https:\/\/www.rostoyzumos.com\/fr\/wp-json\/wp\/v2\/product_brand?post=24047"},{"taxonomy":"product_cat","embeddable":true,"href":"https:\/\/www.rostoyzumos.com\/fr\/wp-json\/wp\/v2\/product_cat?post=24047"},{"taxonomy":"product_tag","embeddable":true,"href":"https:\/\/www.rostoyzumos.com\/fr\/wp-json\/wp\/v2\/product_tag?post=24047"}],"curies":[{"name":"wp","href":"https:\/\/api.w.org\/{rel}","templated":true}]}}