{"id":24058,"date":"2022-11-22T17:03:22","date_gmt":"2023-03-10T03:17:27","guid":{"rendered":"https:\/\/rostoy.webgarciacarrion.com\/?post_type=product&#038;p=24058"},"modified":"2023-05-23T18:07:21","modified_gmt":"2023-05-23T16:07:21","slug":"nectar-dananas-et-de-noix-de-coco-24-canettes-x-330-ml","status":"publish","type":"product","link":"https:\/\/www.rostoyzumos.com\/fr\/producto\/nectar-dananas-et-de-noix-de-coco-24-canettes-x-330-ml\/","title":{"rendered":"Nectar d&#8217;ananas et de noix de coco &#8211; 24 canettes  x 330 ML"},"content":{"rendered":"<p>Nectar d&#8217;ananas et de noix de coco Rostoy. \u00c9labor\u00e9 de mani\u00e8re traditionnelle en Espagne, sans sucres ajout\u00e9s et avec les meilleurs fruits. Il conserve toute sa saveur naturelle et son ar\u00f4me fruit\u00e9 reconnaissable.<\/p>\n<ul>\n<li>4 unit\u00e9s<\/li>\n<li>110 bo\u00eetes<\/li>\n<li>26 palettes<\/li>\n<\/ul>\n<p>R\u00e9f\u00e9rence: 18757<\/p>\n<p><a href=\"https:\/\/www.rostoyzumos.com\/wp-content\/uploads\/2023\/01\/18757.pdf\"><img loading=\"lazy\" decoding=\"async\" class=\"alignnone wp-image-23718\" src=\"\/wp-content\/uploads\/2022\/11\/MicrosoftTeams-image-300x300.png\" alt=\"\" width=\"210\" height=\"210\" srcset=\"https:\/\/www.rostoyzumos.com\/wp-content\/uploads\/2022\/11\/MicrosoftTeams-image-300x300.png 300w, https:\/\/www.rostoyzumos.com\/wp-content\/uploads\/2022\/11\/MicrosoftTeams-image-80x80.png 80w, https:\/\/www.rostoyzumos.com\/wp-content\/uploads\/2022\/11\/MicrosoftTeams-image-768x768.png 768w, https:\/\/www.rostoyzumos.com\/wp-content\/uploads\/2022\/11\/MicrosoftTeams-image-36x36.png 36w, https:\/\/www.rostoyzumos.com\/wp-content\/uploads\/2022\/11\/MicrosoftTeams-image-180x180.png 180w, https:\/\/www.rostoyzumos.com\/wp-content\/uploads\/2022\/11\/MicrosoftTeams-image-705x705.png 705w, https:\/\/www.rostoyzumos.com\/wp-content\/uploads\/2022\/11\/MicrosoftTeams-image-100x100.png 100w, https:\/\/www.rostoyzumos.com\/wp-content\/uploads\/2022\/11\/MicrosoftTeams-image-600x600.png 600w, https:\/\/www.rostoyzumos.com\/wp-content\/uploads\/2022\/11\/MicrosoftTeams-image-32x32.png 32w, https:\/\/www.rostoyzumos.com\/wp-content\/uploads\/2022\/11\/MicrosoftTeams-image.png 800w\" sizes=\"auto, (max-width: 210px) 100vw, 210px\" \/><\/a><\/p>\n","protected":false},"excerpt":{"rendered":"<p>Nectar d&#8217;ananas et de noix de coco Rostoy. \u00c9labor\u00e9 de mani\u00e8re traditionnelle en Espagne, sans sucres ajout\u00e9s et avec les meilleurs fruits. Il conserve toute sa saveur naturelle et son ar\u00f4me fruit\u00e9 reconnaissable. 4 unit\u00e9s 110 bo\u00eetes 26 palettes R\u00e9f\u00e9rence: 18757<\/p>\n","protected":false},"featured_media":24092,"template":"","meta":[],"product_brand":[],"product_cat":[1681,1691,1688,1689],"product_tag":[],"class_list":{"0":"post-24058","1":"product","2":"type-product","3":"status-publish","4":"has-post-thumbnail","6":"product_cat-canettes","7":"product_cat-canettes-nectar","8":"product_cat-jus-et-nectars","9":"product_cat-nectar-fr","11":"first","12":"instock","13":"taxable","14":"shipping-taxable","15":"product-type-simple"},"yoast_head":"<!-- This site is optimized with the Yoast SEO plugin v27.2 - https:\/\/yoast.com\/product\/yoast-seo-wordpress\/ -->\n<title>Nectar d&#039;ananas et de noix de coco - 24 canettes x 330 ML - Rostoy<\/title>\n<meta name=\"robots\" content=\"index, follow, max-snippet:-1, max-image-preview:large, max-video-preview:-1\" \/>\n<link rel=\"canonical\" href=\"https:\/\/www.rostoyzumos.com\/fr\/producto\/nectar-dananas-et-de-noix-de-coco-24-canettes-x-330-ml\/\" \/>\n<meta property=\"og:locale\" content=\"fr_FR\" \/>\n<meta property=\"og:type\" content=\"article\" \/>\n<meta property=\"og:title\" content=\"Nectar d&#039;ananas et de noix de coco - 24 canettes x 330 ML - Rostoy\" \/>\n<meta property=\"og:description\" content=\"Nectar d&#8217;ananas et de noix de coco Rostoy. \u00c9labor\u00e9 de mani\u00e8re traditionnelle en Espagne, sans sucres ajout\u00e9s et avec les meilleurs fruits. Il conserve toute sa saveur naturelle et son ar\u00f4me fruit\u00e9 reconnaissable. 4 unit\u00e9s 110 bo\u00eetes 26 palettes R\u00e9f\u00e9rence: 18757\" \/>\n<meta property=\"og:url\" content=\"https:\/\/www.rostoyzumos.com\/fr\/producto\/nectar-dananas-et-de-noix-de-coco-24-canettes-x-330-ml\/\" \/>\n<meta property=\"og:site_name\" content=\"Rostoy\" \/>\n<meta property=\"article:modified_time\" content=\"2023-05-23T16:07:21+00:00\" \/>\n<meta property=\"og:image\" content=\"https:\/\/www.rostoyzumos.com\/wp-content\/uploads\/2022\/11\/LATA_330ml_PINA_COCO_950x950.jpg\" \/>\n\t<meta property=\"og:image:width\" content=\"950\" \/>\n\t<meta property=\"og:image:height\" content=\"950\" \/>\n\t<meta property=\"og:image:type\" content=\"image\/jpeg\" \/>\n<meta name=\"twitter:card\" content=\"summary_large_image\" \/>\n<meta name=\"twitter:label1\" content=\"Est. reading time\" \/>\n\t<meta name=\"twitter:data1\" content=\"1 minute\" \/>\n<script type=\"application\/ld+json\" class=\"yoast-schema-graph\">{\"@context\":\"https:\/\/schema.org\",\"@graph\":[{\"@type\":\"WebPage\",\"@id\":\"https:\/\/www.rostoyzumos.com\/fr\/producto\/nectar-dananas-et-de-noix-de-coco-24-canettes-x-330-ml\/\",\"url\":\"https:\/\/www.rostoyzumos.com\/fr\/producto\/nectar-dananas-et-de-noix-de-coco-24-canettes-x-330-ml\/\",\"name\":\"Nectar d'ananas et de noix de coco - 24 canettes x 330 ML - Rostoy\",\"isPartOf\":{\"@id\":\"https:\/\/www.rostoyzumos.com\/fr\/#website\"},\"primaryImageOfPage\":{\"@id\":\"https:\/\/www.rostoyzumos.com\/fr\/producto\/nectar-dananas-et-de-noix-de-coco-24-canettes-x-330-ml\/#primaryimage\"},\"image\":{\"@id\":\"https:\/\/www.rostoyzumos.com\/fr\/producto\/nectar-dananas-et-de-noix-de-coco-24-canettes-x-330-ml\/#primaryimage\"},\"thumbnailUrl\":\"https:\/\/www.rostoyzumos.com\/wp-content\/uploads\/2022\/11\/LATA_330ml_PINA_COCO_950x950.jpg\",\"datePublished\":\"2023-03-10T03:17:27+00:00\",\"dateModified\":\"2023-05-23T16:07:21+00:00\",\"breadcrumb\":{\"@id\":\"https:\/\/www.rostoyzumos.com\/fr\/producto\/nectar-dananas-et-de-noix-de-coco-24-canettes-x-330-ml\/#breadcrumb\"},\"inLanguage\":\"fr-FR\",\"potentialAction\":[{\"@type\":\"ReadAction\",\"target\":[\"https:\/\/www.rostoyzumos.com\/fr\/producto\/nectar-dananas-et-de-noix-de-coco-24-canettes-x-330-ml\/\"]}]},{\"@type\":\"ImageObject\",\"inLanguage\":\"fr-FR\",\"@id\":\"https:\/\/www.rostoyzumos.com\/fr\/producto\/nectar-dananas-et-de-noix-de-coco-24-canettes-x-330-ml\/#primaryimage\",\"url\":\"https:\/\/www.rostoyzumos.com\/wp-content\/uploads\/2022\/11\/LATA_330ml_PINA_COCO_950x950.jpg\",\"contentUrl\":\"https:\/\/www.rostoyzumos.com\/wp-content\/uploads\/2022\/11\/LATA_330ml_PINA_COCO_950x950.jpg\",\"width\":950,\"height\":950},{\"@type\":\"BreadcrumbList\",\"@id\":\"https:\/\/www.rostoyzumos.com\/fr\/producto\/nectar-dananas-et-de-noix-de-coco-24-canettes-x-330-ml\/#breadcrumb\",\"itemListElement\":[{\"@type\":\"ListItem\",\"position\":1,\"name\":\"Portada\",\"item\":\"https:\/\/www.rostoyzumos.com\/fr\/\"},{\"@type\":\"ListItem\",\"position\":2,\"name\":\"Products\",\"item\":\"https:\/\/www.rostoyzumos.com\/fr\/shop\/\"},{\"@type\":\"ListItem\",\"position\":3,\"name\":\"Nectar d&#8217;ananas et de noix de coco &#8211; 24 canettes x 330 ML\"}]},{\"@type\":\"WebSite\",\"@id\":\"https:\/\/www.rostoyzumos.com\/fr\/#website\",\"url\":\"https:\/\/www.rostoyzumos.com\/fr\/\",\"name\":\"Rostoy\",\"description\":\"Zumos y N\u00e9ctares Naturales y Tradicionales Espa\u00f1oles\",\"potentialAction\":[{\"@type\":\"SearchAction\",\"target\":{\"@type\":\"EntryPoint\",\"urlTemplate\":\"https:\/\/www.rostoyzumos.com\/fr\/?s={search_term_string}\"},\"query-input\":{\"@type\":\"PropertyValueSpecification\",\"valueRequired\":true,\"valueName\":\"search_term_string\"}}],\"inLanguage\":\"fr-FR\"}]}<\/script>\n<!-- \/ Yoast SEO plugin. -->","yoast_head_json":{"title":"Nectar d'ananas et de noix de coco - 24 canettes x 330 ML - Rostoy","robots":{"index":"index","follow":"follow","max-snippet":"max-snippet:-1","max-image-preview":"max-image-preview:large","max-video-preview":"max-video-preview:-1"},"canonical":"https:\/\/www.rostoyzumos.com\/fr\/producto\/nectar-dananas-et-de-noix-de-coco-24-canettes-x-330-ml\/","og_locale":"fr_FR","og_type":"article","og_title":"Nectar d'ananas et de noix de coco - 24 canettes x 330 ML - Rostoy","og_description":"Nectar d&#8217;ananas et de noix de coco Rostoy. \u00c9labor\u00e9 de mani\u00e8re traditionnelle en Espagne, sans sucres ajout\u00e9s et avec les meilleurs fruits. Il conserve toute sa saveur naturelle et son ar\u00f4me fruit\u00e9 reconnaissable. 4 unit\u00e9s 110 bo\u00eetes 26 palettes R\u00e9f\u00e9rence: 18757","og_url":"https:\/\/www.rostoyzumos.com\/fr\/producto\/nectar-dananas-et-de-noix-de-coco-24-canettes-x-330-ml\/","og_site_name":"Rostoy","article_modified_time":"2023-05-23T16:07:21+00:00","og_image":[{"width":950,"height":950,"url":"https:\/\/www.rostoyzumos.com\/wp-content\/uploads\/2022\/11\/LATA_330ml_PINA_COCO_950x950.jpg","type":"image\/jpeg"}],"twitter_card":"summary_large_image","twitter_misc":{"Est. reading time":"1 minute"},"schema":{"@context":"https:\/\/schema.org","@graph":[{"@type":"WebPage","@id":"https:\/\/www.rostoyzumos.com\/fr\/producto\/nectar-dananas-et-de-noix-de-coco-24-canettes-x-330-ml\/","url":"https:\/\/www.rostoyzumos.com\/fr\/producto\/nectar-dananas-et-de-noix-de-coco-24-canettes-x-330-ml\/","name":"Nectar d'ananas et de noix de coco - 24 canettes x 330 ML - Rostoy","isPartOf":{"@id":"https:\/\/www.rostoyzumos.com\/fr\/#website"},"primaryImageOfPage":{"@id":"https:\/\/www.rostoyzumos.com\/fr\/producto\/nectar-dananas-et-de-noix-de-coco-24-canettes-x-330-ml\/#primaryimage"},"image":{"@id":"https:\/\/www.rostoyzumos.com\/fr\/producto\/nectar-dananas-et-de-noix-de-coco-24-canettes-x-330-ml\/#primaryimage"},"thumbnailUrl":"https:\/\/www.rostoyzumos.com\/wp-content\/uploads\/2022\/11\/LATA_330ml_PINA_COCO_950x950.jpg","datePublished":"2023-03-10T03:17:27+00:00","dateModified":"2023-05-23T16:07:21+00:00","breadcrumb":{"@id":"https:\/\/www.rostoyzumos.com\/fr\/producto\/nectar-dananas-et-de-noix-de-coco-24-canettes-x-330-ml\/#breadcrumb"},"inLanguage":"fr-FR","potentialAction":[{"@type":"ReadAction","target":["https:\/\/www.rostoyzumos.com\/fr\/producto\/nectar-dananas-et-de-noix-de-coco-24-canettes-x-330-ml\/"]}]},{"@type":"ImageObject","inLanguage":"fr-FR","@id":"https:\/\/www.rostoyzumos.com\/fr\/producto\/nectar-dananas-et-de-noix-de-coco-24-canettes-x-330-ml\/#primaryimage","url":"https:\/\/www.rostoyzumos.com\/wp-content\/uploads\/2022\/11\/LATA_330ml_PINA_COCO_950x950.jpg","contentUrl":"https:\/\/www.rostoyzumos.com\/wp-content\/uploads\/2022\/11\/LATA_330ml_PINA_COCO_950x950.jpg","width":950,"height":950},{"@type":"BreadcrumbList","@id":"https:\/\/www.rostoyzumos.com\/fr\/producto\/nectar-dananas-et-de-noix-de-coco-24-canettes-x-330-ml\/#breadcrumb","itemListElement":[{"@type":"ListItem","position":1,"name":"Portada","item":"https:\/\/www.rostoyzumos.com\/fr\/"},{"@type":"ListItem","position":2,"name":"Products","item":"https:\/\/www.rostoyzumos.com\/fr\/shop\/"},{"@type":"ListItem","position":3,"name":"Nectar d&#8217;ananas et de noix de coco &#8211; 24 canettes x 330 ML"}]},{"@type":"WebSite","@id":"https:\/\/www.rostoyzumos.com\/fr\/#website","url":"https:\/\/www.rostoyzumos.com\/fr\/","name":"Rostoy","description":"Zumos y N\u00e9ctares Naturales y Tradicionales Espa\u00f1oles","potentialAction":[{"@type":"SearchAction","target":{"@type":"EntryPoint","urlTemplate":"https:\/\/www.rostoyzumos.com\/fr\/?s={search_term_string}"},"query-input":{"@type":"PropertyValueSpecification","valueRequired":true,"valueName":"search_term_string"}}],"inLanguage":"fr-FR"}]}},"_links":{"self":[{"href":"https:\/\/www.rostoyzumos.com\/fr\/wp-json\/wp\/v2\/product\/24058","targetHints":{"allow":["GET"]}}],"collection":[{"href":"https:\/\/www.rostoyzumos.com\/fr\/wp-json\/wp\/v2\/product"}],"about":[{"href":"https:\/\/www.rostoyzumos.com\/fr\/wp-json\/wp\/v2\/types\/product"}],"wp:featuredmedia":[{"embeddable":true,"href":"https:\/\/www.rostoyzumos.com\/fr\/wp-json\/wp\/v2\/media\/24092"}],"wp:attachment":[{"href":"https:\/\/www.rostoyzumos.com\/fr\/wp-json\/wp\/v2\/media?parent=24058"}],"wp:term":[{"taxonomy":"product_brand","embeddable":true,"href":"https:\/\/www.rostoyzumos.com\/fr\/wp-json\/wp\/v2\/product_brand?post=24058"},{"taxonomy":"product_cat","embeddable":true,"href":"https:\/\/www.rostoyzumos.com\/fr\/wp-json\/wp\/v2\/product_cat?post=24058"},{"taxonomy":"product_tag","embeddable":true,"href":"https:\/\/www.rostoyzumos.com\/fr\/wp-json\/wp\/v2\/product_tag?post=24058"}],"curies":[{"name":"wp","href":"https:\/\/api.w.org\/{rel}","templated":true}]}}