{"id":25172,"date":"2023-03-17T19:12:25","date_gmt":"2023-03-17T18:12:25","guid":{"rendered":"https:\/\/rostoy.webgarciacarrion.com\/?page_id=25172"},"modified":"2023-03-17T19:12:25","modified_gmt":"2023-03-17T18:12:25","slug":"privacybeleid","status":"publish","type":"page","link":"https:\/\/www.rostoyzumos.com\/nl\/privacybeleid\/","title":{"rendered":"Privacybeleid"},"content":{"rendered":"<p><strong>Privacybeleid<\/strong><\/p>\n<p><strong>1.-Titularidad del portal<\/strong><\/p>\n<p>En cumplimiento de la Ley 34\/2002 de Servicios de la Sociedad de la Informaci\u00f3n y de Comercio Electr\u00f3nico de Espa\u00f1a, le informamos que esta p\u00e1gina Web es propiedad de J Garc\u00eda Carri\u00f3n, S.A. (en adelante Garc\u00eda Carri\u00f3n), con domicilio en Carretera de Murcia s\/n 30520 Jumilla (Murcia) y con C.I.F. A08267403, inscrita en el registro Mercantil de Murcia, al tomo 1.445, folio 181, Hoja n\u00fam. MU-26.845, inscripci\u00f3n 2\u00aa, es la titular del portal https:\/\/garciacarrion.com\/, (en adelante el Portal) y pone el mismo a disposici\u00f3n de los usuarios de Internet (en adelante el Usuario o los Usuarios seg\u00fan convenga), con el fin tanto de proporcionar informaci\u00f3n sobre la compa\u00f1\u00eda, sus plantas y bodegas, sus productos y promociones ligadas a los mismos, as\u00ed como permitir la prestaci\u00f3n de distintos servicios a trav\u00e9s del Portal (registro de Usuarios, recepci\u00f3n de newsletters y compra online en su tienda online \u2013en adelante la Tienda, entre otros).<\/p>\n<p><strong>2.-Pol\u00edtica de protecci\u00f3n de datos de car\u00e1cter personal\u00a0<\/strong><br \/>\n2.1.-A los efectos de lo dispuesto en la Ley Org\u00e1nica 15\/1999, de 13 de diciembre, de Protecci\u00f3n de Datos de Car\u00e1cter Personal (LOPD), Garc\u00eda Carri\u00f3n informa al Usuario de la existencia de un fichero automatizado de datos de car\u00e1cter personal creado con los datos obtenidos en el Portal por y para Garc\u00eda Carri\u00f3n, y bajo su responsabilidad, con las finalidades de informaci\u00f3n y comercializaci\u00f3n de los productos ofrecidos en la Tienda, as\u00ed como la realizaci\u00f3n de actividades promocionales, publicitarias e informativas por cualquier medio (e-mail, mailing postal. tel\u00e9fono, tel\u00e9fono m\u00f3vil, etc.) sobre su cartera de productos que puedan ser de su inter\u00e9s, para ampliar y mejorar sus productos adecuando sus ofertas a las preferencias o necesidades de sus Usuarios y para permitir una navegaci\u00f3n personalizada por el Portal.<\/p>\n<p>2.2.-El usuario acepta expresamente la inclusi\u00f3n de los datos recabados durante la navegaci\u00f3n por el Portal, o proporcionados mediante la cumplimentaci\u00f3n de cualquier formulario, as\u00ed como los derivados de la relaci\u00f3n comercial y\/o entrega de los productos comprados, en el fichero automatizado de datos de car\u00e1cter personal referido en el apartado 2.1. Durante el proceso de recogida de los datos, el Usuario ser\u00e1 informado del car\u00e1cter obligatorio o no de recogida de tales datos para la entrega de los Productos, excepto para la realizaci\u00f3n de pedidos en cuyo caso Garc\u00eda Carri\u00f3n informa desde este momento al Usuario que no se considerar\u00e1 de car\u00e1cter voluntario, por lo que ser\u00e1 necesaria su inclusi\u00f3n para la formalizaci\u00f3n del pedido de compra, proporcionar los datos relativos a la identidad, domicilio y n\u00famero de tarjeta de cr\u00e9dito para realizar el pago, al ser estos datos necesarios para la formalizaci\u00f3n y conclusi\u00f3n de la venta.<\/p>\n<p>2.3.-El Usuario podr\u00e1 ejercitar, respecto de los datos recabados en la forma prevista en el apartado anterior, los derechos reconocidos en la Ley Org\u00e1nica 15\/1999, y en particular los derechos de acceso, rectificaci\u00f3n, cancelaci\u00f3n de datos y oposici\u00f3n, si resultase pertinente, as\u00ed como el de revocaci\u00f3n del consentimiento para la cesi\u00f3n de sus datos.<\/p>\n<p>Los derechos referidos en el p\u00e1rrafo anterior podr\u00e1n ser ejercitados por el Usuario, mediante solicitud escrita y firmada dirigida a la siguiente direcci\u00f3n:<br \/>\n<strong><br \/>\nJ. Garc\u00eda Carri\u00f3n S.A.,<br \/>\nDpto. Atenci\u00f3n al Cliente<br \/>\nCarretera de Murcia s\/n<br \/>\n30520 Jumilla (Murcia)<\/strong><\/p>\n<p>o bien mediante el env\u00edo de un correo electr\u00f3nico a la direcci\u00f3n\u00a0<a href=\"mailto:avisostienda@jgc.es\">avisostienda@jgc.es<\/a><\/p>\n<p>2.4.- Mediante la aceptaci\u00f3n de estas condiciones, el Usuario consiente expresamente la cesi\u00f3n o comunicaci\u00f3n de los datos incluidos en el fichero referido en el apartado 2.1, a las empresas del grupo Garc\u00eda Carri\u00f3n, est\u00e9n situadas o no en el territorio espa\u00f1ol, y para las mismas finalidades indicadas en el citado apartado 2.1.<\/p>\n<p>2.5.- Garc\u00eda Carri\u00f3n se compromete, en la utilizaci\u00f3n de los datos incluidos en el fichero, a respetar su confidencialidad y a utilizarlos de acuerdo con la finalidad del fichero, as\u00ed como a dar cumplimiento a su obligaci\u00f3n de guardarlos y a adoptar todas las medidas para evitar la alteraci\u00f3n, p\u00e9rdida, tratamiento o acceso no autorizado, de acuerdo con lo establecido en el Reglamento de Medidas de Seguridad de los ficheros automatizados que contengan datos de car\u00e1cter personal, aprobado por el Real Decreto 1720\/2007, de 21 de diciembre, por el que se aprueba el Reglamento de desarrollo de la Ley Org\u00e1nica 15\/1999.<\/p>\n<p>&nbsp;<\/p>\n","protected":false},"excerpt":{"rendered":"<p>Privacybeleid 1.-Titularidad del portal En cumplimiento de la Ley 34\/2002 de Servicios de la Sociedad de la Informaci\u00f3n y de Comercio Electr\u00f3nico de Espa\u00f1a, le informamos que esta p\u00e1gina Web es propiedad de J Garc\u00eda Carri\u00f3n, S.A. (en adelante Garc\u00eda Carri\u00f3n), con domicilio en Carretera de Murcia s\/n 30520 Jumilla (Murcia) y con C.I.F. A08267403, [&hellip;]<\/p>\n","protected":false},"author":22905,"featured_media":0,"parent":0,"menu_order":0,"comment_status":"closed","ping_status":"closed","template":"","meta":{"footnotes":""},"class_list":["post-25172","page","type-page","status-publish","hentry"],"yoast_head":"<!-- This site is optimized with the Yoast SEO plugin v27.2 - https:\/\/yoast.com\/product\/yoast-seo-wordpress\/ -->\n<title>Privacybeleid - Rostoy<\/title>\n<meta name=\"robots\" content=\"index, follow, max-snippet:-1, max-image-preview:large, max-video-preview:-1\" \/>\n<link rel=\"canonical\" href=\"https:\/\/www.rostoyzumos.com\/nl\/privacybeleid\/\" \/>\n<meta property=\"og:locale\" content=\"nl_NL\" \/>\n<meta property=\"og:type\" content=\"article\" \/>\n<meta property=\"og:title\" content=\"Privacybeleid - Rostoy\" \/>\n<meta property=\"og:description\" content=\"Privacybeleid 1.-Titularidad del portal En cumplimiento de la Ley 34\/2002 de Servicios de la Sociedad de la Informaci\u00f3n y de Comercio Electr\u00f3nico de Espa\u00f1a, le informamos que esta p\u00e1gina Web es propiedad de J Garc\u00eda Carri\u00f3n, S.A. (en adelante Garc\u00eda Carri\u00f3n), con domicilio en Carretera de Murcia s\/n 30520 Jumilla (Murcia) y con C.I.F. A08267403, [&hellip;]\" \/>\n<meta property=\"og:url\" content=\"https:\/\/www.rostoyzumos.com\/nl\/privacybeleid\/\" \/>\n<meta property=\"og:site_name\" content=\"Rostoy\" \/>\n<meta name=\"twitter:card\" content=\"summary_large_image\" \/>\n<meta name=\"twitter:label1\" content=\"Est. reading time\" \/>\n\t<meta name=\"twitter:data1\" content=\"4 minutes\" \/>\n<script type=\"application\/ld+json\" class=\"yoast-schema-graph\">{\"@context\":\"https:\/\/schema.org\",\"@graph\":[{\"@type\":\"WebPage\",\"@id\":\"https:\/\/www.rostoyzumos.com\/nl\/privacybeleid\/\",\"url\":\"https:\/\/www.rostoyzumos.com\/nl\/privacybeleid\/\",\"name\":\"Privacybeleid - Rostoy\",\"isPartOf\":{\"@id\":\"https:\/\/www.rostoyzumos.com\/nl\/#website\"},\"datePublished\":\"2023-03-17T18:12:25+00:00\",\"breadcrumb\":{\"@id\":\"https:\/\/www.rostoyzumos.com\/nl\/privacybeleid\/#breadcrumb\"},\"inLanguage\":\"nl-NL\",\"potentialAction\":[{\"@type\":\"ReadAction\",\"target\":[\"https:\/\/www.rostoyzumos.com\/nl\/privacybeleid\/\"]}]},{\"@type\":\"BreadcrumbList\",\"@id\":\"https:\/\/www.rostoyzumos.com\/nl\/privacybeleid\/#breadcrumb\",\"itemListElement\":[{\"@type\":\"ListItem\",\"position\":1,\"name\":\"Portada\",\"item\":\"https:\/\/www.rostoyzumos.com\/nl\/\"},{\"@type\":\"ListItem\",\"position\":2,\"name\":\"Privacybeleid\"}]},{\"@type\":\"WebSite\",\"@id\":\"https:\/\/www.rostoyzumos.com\/nl\/#website\",\"url\":\"https:\/\/www.rostoyzumos.com\/nl\/\",\"name\":\"Rostoy\",\"description\":\"Zumos y N\u00e9ctares Naturales y Tradicionales Espa\u00f1oles\",\"potentialAction\":[{\"@type\":\"SearchAction\",\"target\":{\"@type\":\"EntryPoint\",\"urlTemplate\":\"https:\/\/www.rostoyzumos.com\/nl\/?s={search_term_string}\"},\"query-input\":{\"@type\":\"PropertyValueSpecification\",\"valueRequired\":true,\"valueName\":\"search_term_string\"}}],\"inLanguage\":\"nl-NL\"}]}<\/script>\n<!-- \/ Yoast SEO plugin. -->","yoast_head_json":{"title":"Privacybeleid - Rostoy","robots":{"index":"index","follow":"follow","max-snippet":"max-snippet:-1","max-image-preview":"max-image-preview:large","max-video-preview":"max-video-preview:-1"},"canonical":"https:\/\/www.rostoyzumos.com\/nl\/privacybeleid\/","og_locale":"nl_NL","og_type":"article","og_title":"Privacybeleid - Rostoy","og_description":"Privacybeleid 1.-Titularidad del portal En cumplimiento de la Ley 34\/2002 de Servicios de la Sociedad de la Informaci\u00f3n y de Comercio Electr\u00f3nico de Espa\u00f1a, le informamos que esta p\u00e1gina Web es propiedad de J Garc\u00eda Carri\u00f3n, S.A. (en adelante Garc\u00eda Carri\u00f3n), con domicilio en Carretera de Murcia s\/n 30520 Jumilla (Murcia) y con C.I.F. A08267403, [&hellip;]","og_url":"https:\/\/www.rostoyzumos.com\/nl\/privacybeleid\/","og_site_name":"Rostoy","twitter_card":"summary_large_image","twitter_misc":{"Est. reading time":"4 minutes"},"schema":{"@context":"https:\/\/schema.org","@graph":[{"@type":"WebPage","@id":"https:\/\/www.rostoyzumos.com\/nl\/privacybeleid\/","url":"https:\/\/www.rostoyzumos.com\/nl\/privacybeleid\/","name":"Privacybeleid - Rostoy","isPartOf":{"@id":"https:\/\/www.rostoyzumos.com\/nl\/#website"},"datePublished":"2023-03-17T18:12:25+00:00","breadcrumb":{"@id":"https:\/\/www.rostoyzumos.com\/nl\/privacybeleid\/#breadcrumb"},"inLanguage":"nl-NL","potentialAction":[{"@type":"ReadAction","target":["https:\/\/www.rostoyzumos.com\/nl\/privacybeleid\/"]}]},{"@type":"BreadcrumbList","@id":"https:\/\/www.rostoyzumos.com\/nl\/privacybeleid\/#breadcrumb","itemListElement":[{"@type":"ListItem","position":1,"name":"Portada","item":"https:\/\/www.rostoyzumos.com\/nl\/"},{"@type":"ListItem","position":2,"name":"Privacybeleid"}]},{"@type":"WebSite","@id":"https:\/\/www.rostoyzumos.com\/nl\/#website","url":"https:\/\/www.rostoyzumos.com\/nl\/","name":"Rostoy","description":"Zumos y N\u00e9ctares Naturales y Tradicionales Espa\u00f1oles","potentialAction":[{"@type":"SearchAction","target":{"@type":"EntryPoint","urlTemplate":"https:\/\/www.rostoyzumos.com\/nl\/?s={search_term_string}"},"query-input":{"@type":"PropertyValueSpecification","valueRequired":true,"valueName":"search_term_string"}}],"inLanguage":"nl-NL"}]}},"_links":{"self":[{"href":"https:\/\/www.rostoyzumos.com\/nl\/wp-json\/wp\/v2\/pages\/25172","targetHints":{"allow":["GET"]}}],"collection":[{"href":"https:\/\/www.rostoyzumos.com\/nl\/wp-json\/wp\/v2\/pages"}],"about":[{"href":"https:\/\/www.rostoyzumos.com\/nl\/wp-json\/wp\/v2\/types\/page"}],"author":[{"embeddable":true,"href":"https:\/\/www.rostoyzumos.com\/nl\/wp-json\/wp\/v2\/users\/22905"}],"replies":[{"embeddable":true,"href":"https:\/\/www.rostoyzumos.com\/nl\/wp-json\/wp\/v2\/comments?post=25172"}],"version-history":[{"count":2,"href":"https:\/\/www.rostoyzumos.com\/nl\/wp-json\/wp\/v2\/pages\/25172\/revisions"}],"predecessor-version":[{"id":25174,"href":"https:\/\/www.rostoyzumos.com\/nl\/wp-json\/wp\/v2\/pages\/25172\/revisions\/25174"}],"wp:attachment":[{"href":"https:\/\/www.rostoyzumos.com\/nl\/wp-json\/wp\/v2\/media?parent=25172"}],"curies":[{"name":"wp","href":"https:\/\/api.w.org\/{rel}","templated":true}]}}